{"id":3678,"date":"2010-06-07T21:52:29","date_gmt":"2010-06-07T19:52:29","guid":{"rendered":"http:\/\/www.debatrix.com\/nl\/?page_id=3678"},"modified":"2010-06-08T11:26:31","modified_gmt":"2010-06-08T09:26:31","slug":"nabeschouwing","status":"publish","type":"page","link":"https:\/\/www.debatrix.com\/nl\/eenvandaag\/nabeschouwing\/","title":{"rendered":"Nabeschouwing"},"content":{"rendered":"<div class=\"intro\">\n<h1>Nabeschouwing<\/h1>\n<p>Een eerste analyse van het E\u00e9nVandaag-debat door debatexperts van Debatrix<\/p>\n<\/div>\n<p>Behoedzaam meden de lijsttrekkers elk onnodig risico in het E\u00e9nVandaag-debat, zo analyseren de debatexperts van Debatrix. In vergelijking met eerdere verkiezingsdebatten werd er weinig aangevallen. Inhoudelijk draaide het debat uit op een herhaling van zetten, waarbij de lijsttrekkers vooral inmiddels bekende soundbites aanhaalden. Met de voorsprong die de VVD nu heeft zal vooral Mark Rutte daar blij mee zijn.<\/p>\n<p>Het was daarbij vooral opvallend met hoe weinig pathos (bezieling) de lijsttrekkers hun punten brachten. Zelden deden ze een poging de kiezer te doordringen van het belang van deze verkiezingen. Zelden brachten ze hun argumentatie met gevoel en illustreerden ze deze met aansprekende voorbeelden of anekdotes. En zelden zal de kiezer echt in beroering zijn gebracht door de bijdrage van de lijsttrekkers.<\/p>\n<p><strong>Mark Rutte<\/strong> deed overduidelijk zijn best om deze keer rustiger te spreken. Bij eerdere debatten haalde hij een spreeksnelheid van tot 290 woorden per minuut: bijna twee keer het gebruikelijke spreektempo in een gesprek. Maar nu maakte hij een rustige en beheerste indruk.  Anders dan bij eerdere debatten toonde hij regelmatig een moment van reflectie,  afweging en zelfs twijfel. Wellicht om te voorkomen dat hij met zijn felheid zwevende kiezers af zou schrikken. Hij viel vooral Balkenende hard aan (\u201cdat is pas asociaal\u201d) en herhaalde verder veel van zijn eerdere punten. Applaus kreeg hij voor zijn veelbekende metaforen (\u201cWat u doet is met een sneeuwschuiver alle problemen voor u uit schuiven\u201d).<\/p>\n<p><strong>Geert Wilders<\/strong> behaalde zijn belangrijkste overwinning tijdens de onderhandelingen voorafgaand aan het E\u00e9nVandaag-debat. Opnieuw wist hij binnen te halen dat \u00e9\u00e9nderde van de uitzending over zijn issue ging met een stelling die niemand behalve hijzelf ondersteunde. Zo stond van tevoren vast dat hij een aanzienlijk deel van de uitzending zou domineren op het voor hem electoraal meest interessante thema. In het debat met Job Cohen beperkte hij zich tot persoonlijke aanvallen op de PvdA-leider, waarbij hij zichzelf juist kwetsbaar toonde door over zijn beveiliging te beginnen.<\/p>\n<p><strong><img decoding=\"async\" class=\"alignright size-full wp-image-3688\" title=\"Cohen-kin\" src=\"https:\/\/www.debatrix.com\/nl\/wp-content\/uploads\/2010\/06\/Cohen-kin.jpg\" alt=\"\" width=\"100\" height=\"100\" \/>Job Cohen<\/strong> deed het wederom beter dan in voorgaande debatten. Hij kwam sneller tot de kern van zijn argumenten en wist zich goed staande te houden in het debat met Wilders. Opvallend was het moment waarop hij zichtbaar genoot van het applaus na zijn oneliner: \u201cDe stelling dat er een halt moet worden geroepen aan de islam is onjuist,  er moet een halt worden geroepen tegen radicalisme.\u201d Hij verhief zijn kin waardoor hij Wilders triomfantelijk, uitdagend en strijdbaar aankeek (zie foto). Lang kon hij niet genieten, want in de slotseconden van het \u00e9\u00e9n-op-\u00e9\u00e9ndebat raakte hij zijn verhaal kwijt. Verrassend was ook dat hij zo overduidelijk op safe speelde en zich leek neer te leggen bij een gelijkspel met Rutte. Vreemd, want om Rutte te verslaan had hij toch echt een klinkende overwinning nodig.<\/p>\n<p><strong>Femke Halsema<\/strong> verschoot haar kruit in het eerste debat over sociale zekerheid, waar ze bijna de helft van de tijd aan het woord werd gelaten. Ze kwam vier keer aan het woord voordat Balkenende en Wilders de kans kregen om aan te geven wat zij van de eerste stelling vonden. In het economiedebat kwam ze er daarentegen nauwelijks aan te pas. Halsema miste de bezieling die ze bij eerdere debatten toonde: daardoor was ze veel in balbezit zonder daadwerkelijk te scoren. Zo gaf ze aan dat ze opkwam voor \u201coutsiders\u201d terwijl het toch zeer de vraag is hoeveel kiezers zich onder de outsiders zullen rekenen.<\/p>\n<p><strong>Emile Roemer <\/strong>leek vooral een momentenvoetballer. Zo zag je \u2018m een tijd lang niet, dan was hij daar weer met een voorbereide grap of oneliner. Inhoudelijk wist hij echter weinig aan het debat toe te voegen, vooral omdat hij er zelden in slaagt om zijn grappen en oneliners te koppelen aan de inhoudelijke boodschap van de SP.<\/p>\n<p><strong>Jan-Peter Balkenende<\/strong> maakte een opvallend ingetogen indruk. In tegenstelling tot eerdere debatten viel hij nauwelijks aan. Bij de vorige verkiezingen was hij degene die volop werd aangevallen. Nu lieten de andere lijsttrekkers hem links liggen. De combinatie \u2013 niet aanvallen \u00e9n niet aangevallen worden \u2013 leidde ertoe dat Balkenende vrij onzichtbaar was in het debat.<\/p>\n<p><em>Door onze experts Lars Duursma, Victor Vlam en John Bijl.<\/em><\/p>\n","protected":false},"excerpt":{"rendered":"<p>Nabeschouwing Een eerste analyse van het E\u00e9nVandaag-debat door debatexperts van Debatrix Behoedzaam meden de lijsttrekkers elk onnodig risico in het E\u00e9nVandaag-debat, zo analyseren de debatexperts van Debatrix. In vergelijking met eerdere verkiezingsdebatten werd er weinig aangevallen. Inhoudelijk draaide het debat uit op een herhaling van zetten, waarbij de lijsttrekkers vooral inmiddels bekende soundbites aanhaalden. Met [&hellip;]<\/p>\n","protected":false},"author":2,"featured_media":0,"parent":2688,"menu_order":5,"comment_status":"open","ping_status":"closed","template":"verkiezingen.php","meta":{"footnotes":""},"class_list":["post-3678","page","type-page","status-publish","hentry"],"yoast_head":"<!-- This site is optimized with the Yoast SEO Premium plugin v27.0 (Yoast SEO v27.3) - https:\/\/yoast.com\/product\/yoast-seo-premium-wordpress\/ -->\n<title>Nabeschouwing - Debatrix\u00ae Vergroot je overtuigingskracht!<\/title>\n<meta name=\"robots\" content=\"index, follow, max-snippet:-1, max-image-preview:large, max-video-preview:-1\" \/>\n<link rel=\"canonical\" href=\"https:\/\/www.debatrix.com\/nl\/eenvandaag\/nabeschouwing\/\" \/>\n<meta property=\"og:locale\" content=\"nl_NL\" \/>\n<meta property=\"og:type\" content=\"article\" \/>\n<meta property=\"og:title\" content=\"Nabeschouwing\" \/>\n<meta property=\"og:description\" content=\"Nabeschouwing Een eerste analyse van het E\u00e9nVandaag-debat door debatexperts van Debatrix Behoedzaam meden de lijsttrekkers elk onnodig risico in het E\u00e9nVandaag-debat, zo analyseren de debatexperts van Debatrix. In vergelijking met eerdere verkiezingsdebatten werd er weinig aangevallen. Inhoudelijk draaide het debat uit op een herhaling van zetten, waarbij de lijsttrekkers vooral inmiddels bekende soundbites aanhaalden. Met [&hellip;]\" \/>\n<meta property=\"og:url\" content=\"https:\/\/www.debatrix.com\/nl\/eenvandaag\/nabeschouwing\/\" \/>\n<meta property=\"og:site_name\" content=\"Debatrix\u00ae Vergroot je overtuigingskracht!\" \/>\n<meta property=\"article:modified_time\" content=\"2010-06-08T09:26:31+00:00\" \/>\n<meta property=\"og:image\" content=\"https:\/\/www.debatrix.com\/nl\/wp-content\/uploads\/2021\/11\/Standaard-foto-OTs.png\" \/>\n\t<meta property=\"og:image:width\" content=\"2560\" \/>\n\t<meta property=\"og:image:height\" content=\"2076\" \/>\n\t<meta property=\"og:image:type\" content=\"image\/png\" \/>\n<meta name=\"twitter:card\" content=\"summary_large_image\" \/>\n<meta name=\"twitter:label1\" content=\"Geschatte leestijd\" \/>\n\t<meta name=\"twitter:data1\" content=\"3 minuten\" \/>\n<script type=\"application\/ld+json\" class=\"yoast-schema-graph\">{\"@context\":\"https:\\\/\\\/schema.org\",\"@graph\":[{\"@type\":\"WebPage\",\"@id\":\"https:\\\/\\\/www.debatrix.com\\\/nl\\\/eenvandaag\\\/nabeschouwing\\\/\",\"url\":\"https:\\\/\\\/www.debatrix.com\\\/nl\\\/eenvandaag\\\/nabeschouwing\\\/\",\"name\":\"Nabeschouwing - Debatrix\u00ae Vergroot je overtuigingskracht!\",\"isPartOf\":{\"@id\":\"https:\\\/\\\/www.debatrix.com\\\/nl\\\/#website\"},\"primaryImageOfPage\":{\"@id\":\"https:\\\/\\\/www.debatrix.com\\\/nl\\\/eenvandaag\\\/nabeschouwing\\\/#primaryimage\"},\"image\":{\"@id\":\"https:\\\/\\\/www.debatrix.com\\\/nl\\\/eenvandaag\\\/nabeschouwing\\\/#primaryimage\"},\"thumbnailUrl\":\"https:\\\/\\\/www.debatrix.com\\\/nl\\\/wp-content\\\/uploads\\\/2010\\\/06\\\/Cohen-kin.jpg\",\"datePublished\":\"2010-06-07T19:52:29+00:00\",\"dateModified\":\"2010-06-08T09:26:31+00:00\",\"breadcrumb\":{\"@id\":\"https:\\\/\\\/www.debatrix.com\\\/nl\\\/eenvandaag\\\/nabeschouwing\\\/#breadcrumb\"},\"inLanguage\":\"nl-NL\",\"potentialAction\":[{\"@type\":\"ReadAction\",\"target\":[\"https:\\\/\\\/www.debatrix.com\\\/nl\\\/eenvandaag\\\/nabeschouwing\\\/\"]}]},{\"@type\":\"ImageObject\",\"inLanguage\":\"nl-NL\",\"@id\":\"https:\\\/\\\/www.debatrix.com\\\/nl\\\/eenvandaag\\\/nabeschouwing\\\/#primaryimage\",\"url\":\"https:\\\/\\\/www.debatrix.com\\\/nl\\\/wp-content\\\/uploads\\\/2010\\\/06\\\/Cohen-kin.jpg\",\"contentUrl\":\"https:\\\/\\\/www.debatrix.com\\\/nl\\\/wp-content\\\/uploads\\\/2010\\\/06\\\/Cohen-kin.jpg\",\"width\":\"100\",\"height\":\"100\"},{\"@type\":\"BreadcrumbList\",\"@id\":\"https:\\\/\\\/www.debatrix.com\\\/nl\\\/eenvandaag\\\/nabeschouwing\\\/#breadcrumb\",\"itemListElement\":[{\"@type\":\"ListItem\",\"position\":1,\"name\":\"Home\",\"item\":\"https:\\\/\\\/www.debatrix.com\\\/nl\\\/home\\\/\"},{\"@type\":\"ListItem\",\"position\":2,\"name\":\"7 juni: E\u00e9nVandaag\",\"item\":\"https:\\\/\\\/www.debatrix.com\\\/nl\\\/eenvandaag\\\/\"},{\"@type\":\"ListItem\",\"position\":3,\"name\":\"Nabeschouwing\"}]},{\"@type\":\"WebSite\",\"@id\":\"https:\\\/\\\/www.debatrix.com\\\/nl\\\/#website\",\"url\":\"https:\\\/\\\/www.debatrix.com\\\/nl\\\/\",\"name\":\"Debatrix\u00ae Vergroot je overtuigingskracht!\",\"description\":\"Alles over overtuigingskracht, presenteren, training en coaching\",\"potentialAction\":[{\"@type\":\"SearchAction\",\"target\":{\"@type\":\"EntryPoint\",\"urlTemplate\":\"https:\\\/\\\/www.debatrix.com\\\/nl\\\/?s={search_term_string}\"},\"query-input\":{\"@type\":\"PropertyValueSpecification\",\"valueRequired\":true,\"valueName\":\"search_term_string\"}}],\"inLanguage\":\"nl-NL\"}]}<\/script>\n<!-- \/ Yoast SEO Premium plugin. -->","yoast_head_json":{"title":"Nabeschouwing - Debatrix\u00ae Vergroot je overtuigingskracht!","robots":{"index":"index","follow":"follow","max-snippet":"max-snippet:-1","max-image-preview":"max-image-preview:large","max-video-preview":"max-video-preview:-1"},"canonical":"https:\/\/www.debatrix.com\/nl\/eenvandaag\/nabeschouwing\/","og_locale":"nl_NL","og_type":"article","og_title":"Nabeschouwing","og_description":"Nabeschouwing Een eerste analyse van het E\u00e9nVandaag-debat door debatexperts van Debatrix Behoedzaam meden de lijsttrekkers elk onnodig risico in het E\u00e9nVandaag-debat, zo analyseren de debatexperts van Debatrix. In vergelijking met eerdere verkiezingsdebatten werd er weinig aangevallen. Inhoudelijk draaide het debat uit op een herhaling van zetten, waarbij de lijsttrekkers vooral inmiddels bekende soundbites aanhaalden. Met [&hellip;]","og_url":"https:\/\/www.debatrix.com\/nl\/eenvandaag\/nabeschouwing\/","og_site_name":"Debatrix\u00ae Vergroot je overtuigingskracht!","article_modified_time":"2010-06-08T09:26:31+00:00","og_image":[{"width":2560,"height":2076,"url":"https:\/\/www.debatrix.com\/nl\/wp-content\/uploads\/2021\/11\/Standaard-foto-OTs.png","type":"image\/png"}],"twitter_card":"summary_large_image","twitter_misc":{"Geschatte leestijd":"3 minuten"},"schema":{"@context":"https:\/\/schema.org","@graph":[{"@type":"WebPage","@id":"https:\/\/www.debatrix.com\/nl\/eenvandaag\/nabeschouwing\/","url":"https:\/\/www.debatrix.com\/nl\/eenvandaag\/nabeschouwing\/","name":"Nabeschouwing - Debatrix\u00ae Vergroot je overtuigingskracht!","isPartOf":{"@id":"https:\/\/www.debatrix.com\/nl\/#website"},"primaryImageOfPage":{"@id":"https:\/\/www.debatrix.com\/nl\/eenvandaag\/nabeschouwing\/#primaryimage"},"image":{"@id":"https:\/\/www.debatrix.com\/nl\/eenvandaag\/nabeschouwing\/#primaryimage"},"thumbnailUrl":"https:\/\/www.debatrix.com\/nl\/wp-content\/uploads\/2010\/06\/Cohen-kin.jpg","datePublished":"2010-06-07T19:52:29+00:00","dateModified":"2010-06-08T09:26:31+00:00","breadcrumb":{"@id":"https:\/\/www.debatrix.com\/nl\/eenvandaag\/nabeschouwing\/#breadcrumb"},"inLanguage":"nl-NL","potentialAction":[{"@type":"ReadAction","target":["https:\/\/www.debatrix.com\/nl\/eenvandaag\/nabeschouwing\/"]}]},{"@type":"ImageObject","inLanguage":"nl-NL","@id":"https:\/\/www.debatrix.com\/nl\/eenvandaag\/nabeschouwing\/#primaryimage","url":"https:\/\/www.debatrix.com\/nl\/wp-content\/uploads\/2010\/06\/Cohen-kin.jpg","contentUrl":"https:\/\/www.debatrix.com\/nl\/wp-content\/uploads\/2010\/06\/Cohen-kin.jpg","width":"100","height":"100"},{"@type":"BreadcrumbList","@id":"https:\/\/www.debatrix.com\/nl\/eenvandaag\/nabeschouwing\/#breadcrumb","itemListElement":[{"@type":"ListItem","position":1,"name":"Home","item":"https:\/\/www.debatrix.com\/nl\/home\/"},{"@type":"ListItem","position":2,"name":"7 juni: E\u00e9nVandaag","item":"https:\/\/www.debatrix.com\/nl\/eenvandaag\/"},{"@type":"ListItem","position":3,"name":"Nabeschouwing"}]},{"@type":"WebSite","@id":"https:\/\/www.debatrix.com\/nl\/#website","url":"https:\/\/www.debatrix.com\/nl\/","name":"Debatrix\u00ae Vergroot je overtuigingskracht!","description":"Alles over overtuigingskracht, presenteren, training en coaching","potentialAction":[{"@type":"SearchAction","target":{"@type":"EntryPoint","urlTemplate":"https:\/\/www.debatrix.com\/nl\/?s={search_term_string}"},"query-input":{"@type":"PropertyValueSpecification","valueRequired":true,"valueName":"search_term_string"}}],"inLanguage":"nl-NL"}]}},"_links":{"self":[{"href":"https:\/\/www.debatrix.com\/nl\/wp-json\/wp\/v2\/pages\/3678","targetHints":{"allow":["GET"]}}],"collection":[{"href":"https:\/\/www.debatrix.com\/nl\/wp-json\/wp\/v2\/pages"}],"about":[{"href":"https:\/\/www.debatrix.com\/nl\/wp-json\/wp\/v2\/types\/page"}],"author":[{"embeddable":true,"href":"https:\/\/www.debatrix.com\/nl\/wp-json\/wp\/v2\/users\/2"}],"replies":[{"embeddable":true,"href":"https:\/\/www.debatrix.com\/nl\/wp-json\/wp\/v2\/comments?post=3678"}],"version-history":[{"count":0,"href":"https:\/\/www.debatrix.com\/nl\/wp-json\/wp\/v2\/pages\/3678\/revisions"}],"up":[{"embeddable":true,"href":"https:\/\/www.debatrix.com\/nl\/wp-json\/wp\/v2\/pages\/2688"}],"wp:attachment":[{"href":"https:\/\/www.debatrix.com\/nl\/wp-json\/wp\/v2\/media?parent=3678"}],"curies":[{"name":"wp","href":"https:\/\/api.w.org\/{rel}","templated":true}]}}