{"id":363,"date":"2008-08-10T23:59:03","date_gmt":"2008-08-10T21:59:03","guid":{"rendered":"http:\/\/www.debatrix.com\/nl\/?page_id=363"},"modified":"2020-03-13T16:43:33","modified_gmt":"2020-03-13T14:43:33","slug":"overtuigende_organisatie","status":"publish","type":"page","link":"https:\/\/www.debatrix.com\/nl\/overtuigen\/overtuigende_organisatie\/","title":{"rendered":"Overtuigende organisatie"},"content":{"rendered":"<div class=\"intro\">\n<h1>Overtuigende Organisatie<\/h1>\n<\/div>\n<p>Wat heeft men aan jouw organisatie? Is dit een helder en overtuigend verhaal en weet je zeker dat iedereen in jouw organisatie dat overtuigend kan delen? Maak van jouw hele organisatie een overtuigende organisatie.<\/p>\n<p>Drie heldere manieren om een overtuigende organisatie te bouwen.<\/p>\n<h2><strong>Proposities doorlichten en aanscherpen<\/strong><\/h2>\n<p>Welke waarde breng jij anderen? Waar liggen de kansen om de waarde voor anderen te verhogen? Ligt er onbenut potentieel in de positionering van bestaande producten en diensten? Soms kunnen kleine veranderingen al een groot verschil maken.<\/p>\n<p>Uit onze ervaringen in het bouwen van proposities en pitches voor innovatieve starts-ups tot aan multinationals weten we snel bestaande en nieuwe proposities aan te scherpen. We doorlichten de pitches &amp; positionering tot aan de concrete voorstellen. Via interactieve sessies wordt de nieuwe aangescherpte waardepropositie helder en overtuigend neergezet.<\/p>\n<blockquote><p>This advice was both creative as very practical in use. As entrepreneur and as M&amp;A advisor I know how important branding and scalable sales can be to achieve sustainable succes. That is why I like to work with good people concerning the marketing of my own professional service. &#8211; Ren\u00e9 Bender (owner Bredemeijer Group &amp; M&amp;A advisor)<\/p>\n<p>&#8220;As an investor and entrepreneur in innovation driven start ups, Debatrix is a good sparring partner for me when it comes to testing innovative business ideas. They not only adds to it, but also asks the critical questions, or drives to the critical logic points. They have a very good view on business models and especially can see through the un-conventional or innovative business models. They know how to structure, position them in the market and sell these such that they really create and add value.&#8221; &#8211; Rob van der Meij (founder KiOR, Director EFC Separations &amp; Investment Manager Capricorn Venture Partners)<\/p><\/blockquote>\n<div class=\"pv-entity__summary-info pv-entity__summary-info--background-section mb2\"><\/div>\n<ul>\n<li><a href=\"https:\/\/www.debatrix.com\/nl\/contact\/bel-mij-terug\/\">Laat u terugbellen door een Debatrix-expert<\/a><\/li>\n<\/ul>\n<h2><strong>Collega\u2019s overtuigender maken<\/strong><\/h2>\n<p>Het delen van de waarde van jouw organisatie is een taak van iedereen. Debatrix heeft meer dan 15 jaar ervaring in het ontwikkelen van mensen in hun overtuigvaardigheden. Van manager tot monteur. Van ambtenaar tot advocaat. Daarbij werken we met kleine teams of \u00e9\u00e9n-op-\u00e9\u00e9n tot aan grote groepen en massale webcasts &amp; e-learnings op maat.<\/p>\n<p>Energieke sessies waarbij we doormiddel van de (nieuwe) proposities aan powerskills werken.<\/p>\n<p>Powerskills zoals:<\/p>\n<ul>\n<li>Doelgericht pitchen<\/li>\n<li>Helder overtuigen<\/li>\n<li>Emotionele intelligentie &amp; actief luisteren<\/li>\n<li>Omgaan met lastige vragen<\/li>\n<\/ul>\n<ul>\n<li><a href=\"https:\/\/www.debatrix.com\/nl\/contact\/bel-mij-terug\/\">Laat u terugbellen door een Debatrix-expert<\/a><\/li>\n<\/ul>\n<p>&nbsp;<\/p>\n<h2><strong>Vasthouden en Doorpakken <\/strong><\/h2>\n<p>In jouw organisatie zit enorm veel kennis en ervaring. Het is zaak om deze sneller intern te delen dan de concurrentie. Of het nu gaat om een nieuwe propositie of een scherp antwoord op een lastige vraag, in het veld en op de werkvloer liggen deze parels voor het oprapen. Helemaal wanneer je deze ervaringen combineert met overtuigtechnieken van Debatrix!<\/p>\n<p>Uit ervaring weten we dat collega&#8217;s het meest enthousiast worden door proposities en verhalen waar zij ook een bijdrage in hebben. Daarom gebruiken wij technieken uit behavior design en gamification om learning communities te bouwen. Plat gezegd, we maken samen het handboek Soldaat, maar met \u00e9\u00e9n groot verschil&#8230;.dit draaiboek is <strong>voor \u00c9N door<\/strong> de collega&#8217;s. Echt Your Way of Working!<\/p>\n<ul>\n<li>Behavior design<\/li>\n<li>Gamification<\/li>\n<li>Learning communities<\/li>\n<\/ul>\n<p>&nbsp;<\/p>\n<ul class=\"buttons\">\n<li><a href=\"https:\/\/www.debatrix.com\/nl\/contact\/formulier\/\">Contact<\/a><\/li>\n<li><a href=\"https:\/\/www.debatrix.com\/nl\/contact\/bel-mij-terug\/\">Laat u terugbellen door een Debatrix-expert<\/a><\/li>\n<\/ul>\n","protected":false},"excerpt":{"rendered":"<p>Overtuigende Organisatie Wat heeft men aan jouw organisatie? Is dit een helder en overtuigend verhaal en weet je zeker dat iedereen in jouw organisatie dat overtuigend kan delen? Maak van jouw hele organisatie een overtuigende organisatie. Drie heldere manieren om een overtuigende organisatie te bouwen. Proposities doorlichten en aanscherpen Welke waarde breng jij anderen? Waar [&hellip;]<\/p>\n","protected":false},"author":3,"featured_media":0,"parent":3,"menu_order":5,"comment_status":"open","ping_status":"closed","template":"","meta":{"footnotes":""},"class_list":["post-363","page","type-page","status-publish","hentry"],"yoast_head":"<!-- This site is optimized with the Yoast SEO Premium plugin v27.0 (Yoast SEO v27.3) - https:\/\/yoast.com\/product\/yoast-seo-premium-wordpress\/ -->\n<title>Overtuigende organisatie - Debatrix\u00ae Vergroot je overtuigingskracht!<\/title>\n<meta name=\"robots\" content=\"index, follow, max-snippet:-1, max-image-preview:large, max-video-preview:-1\" \/>\n<link rel=\"canonical\" href=\"https:\/\/www.debatrix.com\/nl\/overtuigen\/overtuigende_organisatie\/\" \/>\n<meta property=\"og:locale\" content=\"nl_NL\" \/>\n<meta property=\"og:type\" content=\"article\" \/>\n<meta property=\"og:title\" content=\"Overtuigende organisatie\" \/>\n<meta property=\"og:description\" content=\"Overtuigende Organisatie Wat heeft men aan jouw organisatie? Is dit een helder en overtuigend verhaal en weet je zeker dat iedereen in jouw organisatie dat overtuigend kan delen? Maak van jouw hele organisatie een overtuigende organisatie. Drie heldere manieren om een overtuigende organisatie te bouwen. Proposities doorlichten en aanscherpen Welke waarde breng jij anderen? Waar [&hellip;]\" \/>\n<meta property=\"og:url\" content=\"https:\/\/www.debatrix.com\/nl\/overtuigen\/overtuigende_organisatie\/\" \/>\n<meta property=\"og:site_name\" content=\"Debatrix\u00ae Vergroot je overtuigingskracht!\" \/>\n<meta property=\"article:modified_time\" content=\"2020-03-13T14:43:33+00:00\" \/>\n<meta property=\"og:image\" content=\"https:\/\/www.debatrix.com\/nl\/wp-content\/uploads\/2021\/11\/Standaard-foto-OTs.png\" \/>\n\t<meta property=\"og:image:width\" content=\"2560\" \/>\n\t<meta property=\"og:image:height\" content=\"2076\" \/>\n\t<meta property=\"og:image:type\" content=\"image\/png\" \/>\n<meta name=\"twitter:card\" content=\"summary_large_image\" \/>\n<meta name=\"twitter:label1\" content=\"Geschatte leestijd\" \/>\n\t<meta name=\"twitter:data1\" content=\"3 minuten\" \/>\n<script type=\"application\/ld+json\" class=\"yoast-schema-graph\">{\"@context\":\"https:\\\/\\\/schema.org\",\"@graph\":[{\"@type\":\"WebPage\",\"@id\":\"https:\\\/\\\/www.debatrix.com\\\/nl\\\/overtuigen\\\/overtuigende_organisatie\\\/\",\"url\":\"https:\\\/\\\/www.debatrix.com\\\/nl\\\/overtuigen\\\/overtuigende_organisatie\\\/\",\"name\":\"Overtuigende organisatie - Debatrix\u00ae Vergroot je overtuigingskracht!\",\"isPartOf\":{\"@id\":\"https:\\\/\\\/www.debatrix.com\\\/nl\\\/#website\"},\"datePublished\":\"2008-08-10T21:59:03+00:00\",\"dateModified\":\"2020-03-13T14:43:33+00:00\",\"breadcrumb\":{\"@id\":\"https:\\\/\\\/www.debatrix.com\\\/nl\\\/overtuigen\\\/overtuigende_organisatie\\\/#breadcrumb\"},\"inLanguage\":\"nl-NL\",\"potentialAction\":[{\"@type\":\"ReadAction\",\"target\":[\"https:\\\/\\\/www.debatrix.com\\\/nl\\\/overtuigen\\\/overtuigende_organisatie\\\/\"]}]},{\"@type\":\"BreadcrumbList\",\"@id\":\"https:\\\/\\\/www.debatrix.com\\\/nl\\\/overtuigen\\\/overtuigende_organisatie\\\/#breadcrumb\",\"itemListElement\":[{\"@type\":\"ListItem\",\"position\":1,\"name\":\"Home\",\"item\":\"https:\\\/\\\/www.debatrix.com\\\/nl\\\/home\\\/\"},{\"@type\":\"ListItem\",\"position\":2,\"name\":\"Training &#038; Coaching\",\"item\":\"https:\\\/\\\/www.debatrix.com\\\/nl\\\/overtuigen\\\/\"},{\"@type\":\"ListItem\",\"position\":3,\"name\":\"Overtuigende organisatie\"}]},{\"@type\":\"WebSite\",\"@id\":\"https:\\\/\\\/www.debatrix.com\\\/nl\\\/#website\",\"url\":\"https:\\\/\\\/www.debatrix.com\\\/nl\\\/\",\"name\":\"Debatrix\u00ae Vergroot je overtuigingskracht!\",\"description\":\"Alles over overtuigingskracht, presenteren, training en coaching\",\"potentialAction\":[{\"@type\":\"SearchAction\",\"target\":{\"@type\":\"EntryPoint\",\"urlTemplate\":\"https:\\\/\\\/www.debatrix.com\\\/nl\\\/?s={search_term_string}\"},\"query-input\":{\"@type\":\"PropertyValueSpecification\",\"valueRequired\":true,\"valueName\":\"search_term_string\"}}],\"inLanguage\":\"nl-NL\"}]}<\/script>\n<!-- \/ Yoast SEO Premium plugin. -->","yoast_head_json":{"title":"Overtuigende organisatie - Debatrix\u00ae Vergroot je overtuigingskracht!","robots":{"index":"index","follow":"follow","max-snippet":"max-snippet:-1","max-image-preview":"max-image-preview:large","max-video-preview":"max-video-preview:-1"},"canonical":"https:\/\/www.debatrix.com\/nl\/overtuigen\/overtuigende_organisatie\/","og_locale":"nl_NL","og_type":"article","og_title":"Overtuigende organisatie","og_description":"Overtuigende Organisatie Wat heeft men aan jouw organisatie? Is dit een helder en overtuigend verhaal en weet je zeker dat iedereen in jouw organisatie dat overtuigend kan delen? Maak van jouw hele organisatie een overtuigende organisatie. Drie heldere manieren om een overtuigende organisatie te bouwen. Proposities doorlichten en aanscherpen Welke waarde breng jij anderen? Waar [&hellip;]","og_url":"https:\/\/www.debatrix.com\/nl\/overtuigen\/overtuigende_organisatie\/","og_site_name":"Debatrix\u00ae Vergroot je overtuigingskracht!","article_modified_time":"2020-03-13T14:43:33+00:00","og_image":[{"width":2560,"height":2076,"url":"https:\/\/www.debatrix.com\/nl\/wp-content\/uploads\/2021\/11\/Standaard-foto-OTs.png","type":"image\/png"}],"twitter_card":"summary_large_image","twitter_misc":{"Geschatte leestijd":"3 minuten"},"schema":{"@context":"https:\/\/schema.org","@graph":[{"@type":"WebPage","@id":"https:\/\/www.debatrix.com\/nl\/overtuigen\/overtuigende_organisatie\/","url":"https:\/\/www.debatrix.com\/nl\/overtuigen\/overtuigende_organisatie\/","name":"Overtuigende organisatie - Debatrix\u00ae Vergroot je overtuigingskracht!","isPartOf":{"@id":"https:\/\/www.debatrix.com\/nl\/#website"},"datePublished":"2008-08-10T21:59:03+00:00","dateModified":"2020-03-13T14:43:33+00:00","breadcrumb":{"@id":"https:\/\/www.debatrix.com\/nl\/overtuigen\/overtuigende_organisatie\/#breadcrumb"},"inLanguage":"nl-NL","potentialAction":[{"@type":"ReadAction","target":["https:\/\/www.debatrix.com\/nl\/overtuigen\/overtuigende_organisatie\/"]}]},{"@type":"BreadcrumbList","@id":"https:\/\/www.debatrix.com\/nl\/overtuigen\/overtuigende_organisatie\/#breadcrumb","itemListElement":[{"@type":"ListItem","position":1,"name":"Home","item":"https:\/\/www.debatrix.com\/nl\/home\/"},{"@type":"ListItem","position":2,"name":"Training &#038; Coaching","item":"https:\/\/www.debatrix.com\/nl\/overtuigen\/"},{"@type":"ListItem","position":3,"name":"Overtuigende organisatie"}]},{"@type":"WebSite","@id":"https:\/\/www.debatrix.com\/nl\/#website","url":"https:\/\/www.debatrix.com\/nl\/","name":"Debatrix\u00ae Vergroot je overtuigingskracht!","description":"Alles over overtuigingskracht, presenteren, training en coaching","potentialAction":[{"@type":"SearchAction","target":{"@type":"EntryPoint","urlTemplate":"https:\/\/www.debatrix.com\/nl\/?s={search_term_string}"},"query-input":{"@type":"PropertyValueSpecification","valueRequired":true,"valueName":"search_term_string"}}],"inLanguage":"nl-NL"}]}},"_links":{"self":[{"href":"https:\/\/www.debatrix.com\/nl\/wp-json\/wp\/v2\/pages\/363","targetHints":{"allow":["GET"]}}],"collection":[{"href":"https:\/\/www.debatrix.com\/nl\/wp-json\/wp\/v2\/pages"}],"about":[{"href":"https:\/\/www.debatrix.com\/nl\/wp-json\/wp\/v2\/types\/page"}],"author":[{"embeddable":true,"href":"https:\/\/www.debatrix.com\/nl\/wp-json\/wp\/v2\/users\/3"}],"replies":[{"embeddable":true,"href":"https:\/\/www.debatrix.com\/nl\/wp-json\/wp\/v2\/comments?post=363"}],"version-history":[{"count":0,"href":"https:\/\/www.debatrix.com\/nl\/wp-json\/wp\/v2\/pages\/363\/revisions"}],"up":[{"embeddable":true,"href":"https:\/\/www.debatrix.com\/nl\/wp-json\/wp\/v2\/pages\/3"}],"wp:attachment":[{"href":"https:\/\/www.debatrix.com\/nl\/wp-json\/wp\/v2\/media?parent=363"}],"curies":[{"name":"wp","href":"https:\/\/api.w.org\/{rel}","templated":true}]}}