{"id":32,"date":"2008-06-24T14:06:35","date_gmt":"2008-06-24T12:06:35","guid":{"rendered":"http:\/\/www.debatrix.com\/nl\/?page_id=32"},"modified":"2011-03-30T19:21:53","modified_gmt":"2011-03-30T17:21:53","slug":"conceptontwikkeling","status":"publish","type":"page","link":"https:\/\/www.debatrix.com\/nl\/lezingen-inspiratiesessies\/interactie\/diensten\/conceptontwikkeling\/","title":{"rendered":"Conceptontwikkeling"},"content":{"rendered":"<div class=\"intro\">\n<h1>Conceptontwikkeling<\/h1>\n<p>Het debat moet voldoen aan de wensen van u en uw organisatie. Debatrix heeft veel ervaring in het ontwikkelen van debatconcepten bij evenementen, congressen en seminars. Bij ons is het doel leidend voor de debatvorm.<\/p><\/div>\n<h2>Vernieuwende debatconcepten<\/h2>\n<p>Debatrix is niet van de confectie. Het Lagerhuis-debat is niet de enige debatvorm die er bestaat en zeker niet altijd de beste. Verschillende doelgroepen reageren anders op verschillende settings. Niet elke vorm heiligt elk doel en niet elk onderwerp leent zich voor een harde stellingname. Als zaken gevoelig liggen dan is een goede voorbereiding en een passend debatconcept noodzakelijk. Vrije of vaste rollen, open of beleidsstellingen, twee of drie partijen, statisch of dynamisch? Wel of geen inleiding? En zo ja, wat voor type inleiding? Een column, een \u00e9\u00e9n-op-\u00e9\u00e9n debat, film? Kortom, bij een goed debat komt heel wat kijken. Zelfs de beste gespreksleider kan een evenement niet redden als de randvoorwaarden niet in orde zijn.<\/p>\n<h2>Continu op zoek naar interactie<\/h2>\n<p>Een aantal jaren geleden was Nederland &#8216;debat en evenementen moe&#8217;, maar de maatschappelijke spanningen en de constante druk om samen met alle belanghebbenden tot beleid of strategie te komen dwingt tot nieuwe interactieve momenten.<\/p>\n<p>Neem <a href=\"https:\/\/www.debatrix.com\/nl\/organisatie\/contact\">contact<\/a> met ons op om samen verder te praten.<\/p>\n<ul class=\"buttons\">\n<li><a href=\"https:\/\/www.debatrix.com\/nl\/contact\/formulier\/\">Contact<\/a><\/li>\n<li><a href=\"https:\/\/www.debatrix.com\/nl\/contact\/bel-mij-terug\/\">Laat u terugbellen door \u00e9\u00e9n van onze experts<\/a><\/li>\n<\/ul>\n","protected":false},"excerpt":{"rendered":"<p>Conceptontwikkeling Het debat moet voldoen aan de wensen van u en uw organisatie. Debatrix heeft veel ervaring in het ontwikkelen van debatconcepten bij evenementen, congressen en seminars. Bij ons is het doel leidend voor de debatvorm. Vernieuwende debatconcepten Debatrix is niet van de confectie. Het Lagerhuis-debat is niet de enige debatvorm die er bestaat en [&hellip;]<\/p>\n","protected":false},"author":2,"featured_media":0,"parent":829,"menu_order":9,"comment_status":"open","ping_status":"closed","template":"","meta":{"footnotes":""},"class_list":["post-32","page","type-page","status-publish","hentry"],"yoast_head":"<!-- This site is optimized with the Yoast SEO Premium plugin v27.0 (Yoast SEO v27.4) - https:\/\/yoast.com\/product\/yoast-seo-premium-wordpress\/ -->\n<title>Conceptontwikkeling - Debatrix\u00ae Vergroot je overtuigingskracht!<\/title>\n<meta name=\"robots\" content=\"index, follow, max-snippet:-1, max-image-preview:large, max-video-preview:-1\" \/>\n<link rel=\"canonical\" href=\"https:\/\/www.debatrix.com\/nl\/lezingen-inspiratiesessies\/interactie\/diensten\/conceptontwikkeling\/\" \/>\n<meta property=\"og:locale\" content=\"nl_NL\" \/>\n<meta property=\"og:type\" content=\"article\" \/>\n<meta property=\"og:title\" content=\"Conceptontwikkeling\" \/>\n<meta property=\"og:description\" content=\"Conceptontwikkeling Het debat moet voldoen aan de wensen van u en uw organisatie. Debatrix heeft veel ervaring in het ontwikkelen van debatconcepten bij evenementen, congressen en seminars. Bij ons is het doel leidend voor de debatvorm. Vernieuwende debatconcepten Debatrix is niet van de confectie. Het Lagerhuis-debat is niet de enige debatvorm die er bestaat en [&hellip;]\" \/>\n<meta property=\"og:url\" content=\"https:\/\/www.debatrix.com\/nl\/lezingen-inspiratiesessies\/interactie\/diensten\/conceptontwikkeling\/\" \/>\n<meta property=\"og:site_name\" content=\"Debatrix\u00ae Vergroot je overtuigingskracht!\" \/>\n<meta property=\"article:modified_time\" content=\"2011-03-30T17:21:53+00:00\" \/>\n<meta property=\"og:image\" content=\"https:\/\/www.debatrix.com\/nl\/wp-content\/uploads\/2021\/11\/Standaard-foto-OTs.png\" \/>\n\t<meta property=\"og:image:width\" content=\"2560\" \/>\n\t<meta property=\"og:image:height\" content=\"2076\" \/>\n\t<meta property=\"og:image:type\" content=\"image\/png\" \/>\n<meta name=\"twitter:card\" content=\"summary_large_image\" \/>\n<meta name=\"twitter:label1\" content=\"Geschatte leestijd\" \/>\n\t<meta name=\"twitter:data1\" content=\"1 minuut\" \/>\n<script type=\"application\/ld+json\" class=\"yoast-schema-graph\">{\"@context\":\"https:\\\/\\\/schema.org\",\"@graph\":[{\"@type\":\"WebPage\",\"@id\":\"https:\\\/\\\/www.debatrix.com\\\/nl\\\/lezingen-inspiratiesessies\\\/interactie\\\/diensten\\\/conceptontwikkeling\\\/\",\"url\":\"https:\\\/\\\/www.debatrix.com\\\/nl\\\/lezingen-inspiratiesessies\\\/interactie\\\/diensten\\\/conceptontwikkeling\\\/\",\"name\":\"Conceptontwikkeling - Debatrix\u00ae Vergroot je overtuigingskracht!\",\"isPartOf\":{\"@id\":\"https:\\\/\\\/www.debatrix.com\\\/nl\\\/#website\"},\"datePublished\":\"2008-06-24T12:06:35+00:00\",\"dateModified\":\"2011-03-30T17:21:53+00:00\",\"breadcrumb\":{\"@id\":\"https:\\\/\\\/www.debatrix.com\\\/nl\\\/lezingen-inspiratiesessies\\\/interactie\\\/diensten\\\/conceptontwikkeling\\\/#breadcrumb\"},\"inLanguage\":\"nl-NL\",\"potentialAction\":[{\"@type\":\"ReadAction\",\"target\":[\"https:\\\/\\\/www.debatrix.com\\\/nl\\\/lezingen-inspiratiesessies\\\/interactie\\\/diensten\\\/conceptontwikkeling\\\/\"]}]},{\"@type\":\"BreadcrumbList\",\"@id\":\"https:\\\/\\\/www.debatrix.com\\\/nl\\\/lezingen-inspiratiesessies\\\/interactie\\\/diensten\\\/conceptontwikkeling\\\/#breadcrumb\",\"itemListElement\":[{\"@type\":\"ListItem\",\"position\":1,\"name\":\"Home\",\"item\":\"https:\\\/\\\/www.debatrix.com\\\/nl\\\/home\\\/\"},{\"@type\":\"ListItem\",\"position\":2,\"name\":\"Lezingen\",\"item\":\"https:\\\/\\\/www.debatrix.com\\\/nl\\\/lezingen-inspiratiesessies\\\/\"},{\"@type\":\"ListItem\",\"position\":3,\"name\":\"Gespreksleiding\",\"item\":\"https:\\\/\\\/www.debatrix.com\\\/nl\\\/lezingen-inspiratiesessies\\\/interactie\\\/\"},{\"@type\":\"ListItem\",\"position\":4,\"name\":\"Onze diensten\",\"item\":\"https:\\\/\\\/www.debatrix.com\\\/nl\\\/lezingen-inspiratiesessies\\\/interactie\\\/diensten\\\/\"},{\"@type\":\"ListItem\",\"position\":5,\"name\":\"Conceptontwikkeling\"}]},{\"@type\":\"WebSite\",\"@id\":\"https:\\\/\\\/www.debatrix.com\\\/nl\\\/#website\",\"url\":\"https:\\\/\\\/www.debatrix.com\\\/nl\\\/\",\"name\":\"Debatrix\u00ae Vergroot je overtuigingskracht!\",\"description\":\"Alles over overtuigingskracht, presenteren, training en coaching\",\"potentialAction\":[{\"@type\":\"SearchAction\",\"target\":{\"@type\":\"EntryPoint\",\"urlTemplate\":\"https:\\\/\\\/www.debatrix.com\\\/nl\\\/?s={search_term_string}\"},\"query-input\":{\"@type\":\"PropertyValueSpecification\",\"valueRequired\":true,\"valueName\":\"search_term_string\"}}],\"inLanguage\":\"nl-NL\"}]}<\/script>\n<!-- \/ Yoast SEO Premium plugin. -->","yoast_head_json":{"title":"Conceptontwikkeling - Debatrix\u00ae Vergroot je overtuigingskracht!","robots":{"index":"index","follow":"follow","max-snippet":"max-snippet:-1","max-image-preview":"max-image-preview:large","max-video-preview":"max-video-preview:-1"},"canonical":"https:\/\/www.debatrix.com\/nl\/lezingen-inspiratiesessies\/interactie\/diensten\/conceptontwikkeling\/","og_locale":"nl_NL","og_type":"article","og_title":"Conceptontwikkeling","og_description":"Conceptontwikkeling Het debat moet voldoen aan de wensen van u en uw organisatie. Debatrix heeft veel ervaring in het ontwikkelen van debatconcepten bij evenementen, congressen en seminars. Bij ons is het doel leidend voor de debatvorm. Vernieuwende debatconcepten Debatrix is niet van de confectie. Het Lagerhuis-debat is niet de enige debatvorm die er bestaat en [&hellip;]","og_url":"https:\/\/www.debatrix.com\/nl\/lezingen-inspiratiesessies\/interactie\/diensten\/conceptontwikkeling\/","og_site_name":"Debatrix\u00ae Vergroot je overtuigingskracht!","article_modified_time":"2011-03-30T17:21:53+00:00","og_image":[{"width":2560,"height":2076,"url":"https:\/\/www.debatrix.com\/nl\/wp-content\/uploads\/2021\/11\/Standaard-foto-OTs.png","type":"image\/png"}],"twitter_card":"summary_large_image","twitter_misc":{"Geschatte leestijd":"1 minuut"},"schema":{"@context":"https:\/\/schema.org","@graph":[{"@type":"WebPage","@id":"https:\/\/www.debatrix.com\/nl\/lezingen-inspiratiesessies\/interactie\/diensten\/conceptontwikkeling\/","url":"https:\/\/www.debatrix.com\/nl\/lezingen-inspiratiesessies\/interactie\/diensten\/conceptontwikkeling\/","name":"Conceptontwikkeling - Debatrix\u00ae Vergroot je overtuigingskracht!","isPartOf":{"@id":"https:\/\/www.debatrix.com\/nl\/#website"},"datePublished":"2008-06-24T12:06:35+00:00","dateModified":"2011-03-30T17:21:53+00:00","breadcrumb":{"@id":"https:\/\/www.debatrix.com\/nl\/lezingen-inspiratiesessies\/interactie\/diensten\/conceptontwikkeling\/#breadcrumb"},"inLanguage":"nl-NL","potentialAction":[{"@type":"ReadAction","target":["https:\/\/www.debatrix.com\/nl\/lezingen-inspiratiesessies\/interactie\/diensten\/conceptontwikkeling\/"]}]},{"@type":"BreadcrumbList","@id":"https:\/\/www.debatrix.com\/nl\/lezingen-inspiratiesessies\/interactie\/diensten\/conceptontwikkeling\/#breadcrumb","itemListElement":[{"@type":"ListItem","position":1,"name":"Home","item":"https:\/\/www.debatrix.com\/nl\/home\/"},{"@type":"ListItem","position":2,"name":"Lezingen","item":"https:\/\/www.debatrix.com\/nl\/lezingen-inspiratiesessies\/"},{"@type":"ListItem","position":3,"name":"Gespreksleiding","item":"https:\/\/www.debatrix.com\/nl\/lezingen-inspiratiesessies\/interactie\/"},{"@type":"ListItem","position":4,"name":"Onze diensten","item":"https:\/\/www.debatrix.com\/nl\/lezingen-inspiratiesessies\/interactie\/diensten\/"},{"@type":"ListItem","position":5,"name":"Conceptontwikkeling"}]},{"@type":"WebSite","@id":"https:\/\/www.debatrix.com\/nl\/#website","url":"https:\/\/www.debatrix.com\/nl\/","name":"Debatrix\u00ae Vergroot je overtuigingskracht!","description":"Alles over overtuigingskracht, presenteren, training en coaching","potentialAction":[{"@type":"SearchAction","target":{"@type":"EntryPoint","urlTemplate":"https:\/\/www.debatrix.com\/nl\/?s={search_term_string}"},"query-input":{"@type":"PropertyValueSpecification","valueRequired":true,"valueName":"search_term_string"}}],"inLanguage":"nl-NL"}]}},"_links":{"self":[{"href":"https:\/\/www.debatrix.com\/nl\/wp-json\/wp\/v2\/pages\/32","targetHints":{"allow":["GET"]}}],"collection":[{"href":"https:\/\/www.debatrix.com\/nl\/wp-json\/wp\/v2\/pages"}],"about":[{"href":"https:\/\/www.debatrix.com\/nl\/wp-json\/wp\/v2\/types\/page"}],"author":[{"embeddable":true,"href":"https:\/\/www.debatrix.com\/nl\/wp-json\/wp\/v2\/users\/2"}],"replies":[{"embeddable":true,"href":"https:\/\/www.debatrix.com\/nl\/wp-json\/wp\/v2\/comments?post=32"}],"version-history":[{"count":0,"href":"https:\/\/www.debatrix.com\/nl\/wp-json\/wp\/v2\/pages\/32\/revisions"}],"up":[{"embeddable":true,"href":"https:\/\/www.debatrix.com\/nl\/wp-json\/wp\/v2\/pages\/829"}],"wp:attachment":[{"href":"https:\/\/www.debatrix.com\/nl\/wp-json\/wp\/v2\/media?parent=32"}],"curies":[{"name":"wp","href":"https:\/\/api.w.org\/{rel}","templated":true}]}}