{"id":2691,"date":"2010-04-21T23:06:36","date_gmt":"2010-04-21T21:06:36","guid":{"rendered":"http:\/\/www.debatrix.com\/nl\/?page_id=2691"},"modified":"2012-10-04T18:35:52","modified_gmt":"2012-10-04T16:35:52","slug":"nos","status":"publish","type":"page","link":"https:\/\/www.debatrix.com\/nl\/nos\/","title":{"rendered":"8 juni: NOS Debat"},"content":{"rendered":"<div class=\"intro\">\n<h1>NOS Debat<\/h1>\n<p>Het laatste debat tussen de lijsttrekkers<br \/>\nvoordat de stembussen open gaan.<\/p>\n<\/div>\n<p>Enkele uren voordat de stemlokalen open gaan, organiseert de NOS een groot lijsttrekkersdebat. Dit debat vindt plaats in de Statenpassage, vlak naast de Tweede Kamer. Eigenlijk zijn het twee debatten. Om 19.00 zijn de kleine partijen aan de beurt: Kees van der Staaij (SGP), Marianne Thieme (Partij voor de Dieren) en Rita Verdonk (Trots op Nederland).<\/p>\n<p>Om half negen zijn de grote partijen aan de beurt. Balkenende (CDA), Cohen (PvdA), Rutte (VVD), Roemer (SP), Halsema (GroenLinks), Wilders (PVV), Pechtold (D66) en Rouvoet (CU) gaan dan in debat met elkaar. Door deze twee debatten te scheiden geeft de omroep toch alle partijen de kans geven zich te profileren op de avond voor de verkiezingen. Maar zonder dat het debat tussen de meest relevante partijen onhoudbaar groot wordt. Aan de hand van de peilingen bepaalt de NOS welke partijen aan welk van de twee debatten mogen meedoen.<\/p>\n<p>Het grote debat zal als volgt plaats vinden. Per tweetal worden de lijsttrekkers\u00a0ge\u00efnterviewd. Vervolgens vinden er twee debatten met vier lijsttrekkers plaats en \u00e9\u00e9n debat met alle acht de lijsttrekkers. Tijdens het kleine debat zal ook terug worden gekeken op de campagne.<\/p>\n<p><strong>Wanneer:<\/strong> dinsdag 8 juni<br \/>\n<strong>Hoe laat: <\/strong>19.00 &#8211; 19.55 en 20.30 &#8211; 22.00<br \/>\n<strong>Thema: <\/strong>Algemeen<br \/>\n<strong>Debatleiders:<\/strong> Ferry Mingelen &amp; Dominique van der Heyde<\/p>\n<h3>Analyses van het NOS Debat<\/h3>\n<p>Deze analyses kunt u van ons verwachten:<\/p>\n<table class=\"planning\">\n<tbody>\n<tr>\n<th>Datum<\/th>\n<th>Tijd<\/th>\n<th class=\"alignleft\">Analyse \/ onderdeel<\/th>\n<th>Online?<\/th>\n<\/tr>\n<tr>\n<td>8 juni<\/td>\n<td>19:00<\/td>\n<td class=\"alignleft\"><a href=\"https:\/\/www.debatrix.com\/nl\/verkiezingen\/debatarchief\/tweede-kamerverkiezingen-2010\/nos\/liveblog\/\" target=\"_self\">Liveblog<\/a>: live commentaar van onze experts<\/td>\n<td style=\"text-align: center;\"><img decoding=\"async\" title=\"Doet mee? Ja!\" src=\"https:\/\/www.debatrix.com\/nl\/wp-content\/uploads\/2010\/04\/checkmark.jpg\" alt=\"\" width=\"13\" height=\"12\" \/><\/td>\n<\/tr>\n<tr>\n<td>8 juni<\/td>\n<td>23:00<\/td>\n<td class=\"alignleft\"><a href=\"https:\/\/www.debatrix.com\/nl\/verkiezingen\/debatarchief\/tweede-kamerverkiezingen-2010\/nos\/nabeschouwing\/\" target=\"_self\">Nabeschouwing<\/a><\/td>\n<td style=\"text-align: center;\"><img decoding=\"async\" title=\"Doet mee? Ja!\" src=\"https:\/\/www.debatrix.com\/nl\/wp-content\/uploads\/2010\/04\/checkmark.jpg\" alt=\"\" width=\"13\" height=\"12\" \/><\/td>\n<\/tr>\n<tr>\n<td>9 juni<\/td>\n<td>13:00<\/td>\n<td class=\"alignleft\">Uitgebreide analyse<\/td>\n<td style=\"text-align: center;\"><img decoding=\"async\" title=\"Doet mee? Ja!\" src=\"https:\/\/www.debatrix.com\/nl\/wp-content\/uploads\/2010\/04\/checkmark.jpg\" alt=\"\" width=\"13\" height=\"12\" \/><\/td>\n<\/tr>\n<\/tbody>\n<\/table>\n<h3>Uitstekende reputatie<\/h3>\n<p>Dit debat heeft een uitmuntende reputatie. Goede gespreksleiders, relevante stellingen en meestal een passende debatvorm.<\/p>\n<p>Waarom het echter traditie is geworden om juist op de avond voor de verkiezingen het debat te organiseren, is onduidelijk. De presentatoren houden ons graag voor dat uit peilingen blijkt dat een substantieel deel van de kiezers nog niet heeft besloten. Maar of dat echt zo is, is twijfelachtig. De campagnes zijn immers al zo goed als over. En als kiezers echt nog niet een keuze hebben gemaakt, is de kans ook weer groter dat ze helemaal niet gaan stemmen.<\/p>\n<p>Kortom: dit debat kan een veel groter effect hebben als het niet op de dag voor de verkiezingen werd georganiseerd maar een week voor de verkiezingen.<\/p>\n","protected":false},"excerpt":{"rendered":"<p>NOS Debat Het laatste debat tussen de lijsttrekkers voordat de stembussen open gaan. Enkele uren voordat de stemlokalen open gaan, organiseert de NOS een groot lijsttrekkersdebat. Dit debat vindt plaats in de Statenpassage, vlak naast de Tweede Kamer. Eigenlijk zijn het twee debatten. Om 19.00 zijn de kleine partijen aan de beurt: Kees van der [&hellip;]<\/p>\n","protected":false},"author":5,"featured_media":0,"parent":0,"menu_order":50,"comment_status":"open","ping_status":"closed","template":"verkiezingen.php","meta":{"footnotes":""},"class_list":["post-2691","page","type-page","status-publish","hentry"],"yoast_head":"<!-- This site is optimized with the Yoast SEO Premium plugin v27.0 (Yoast SEO v27.3) - https:\/\/yoast.com\/product\/yoast-seo-premium-wordpress\/ -->\n<title>8 juni: NOS Debat - Debatrix\u00ae Vergroot je overtuigingskracht!<\/title>\n<meta name=\"robots\" content=\"index, follow, max-snippet:-1, max-image-preview:large, max-video-preview:-1\" \/>\n<link rel=\"canonical\" href=\"https:\/\/www.debatrix.com\/nl\/nos\/\" \/>\n<meta property=\"og:locale\" content=\"nl_NL\" \/>\n<meta property=\"og:type\" content=\"article\" \/>\n<meta property=\"og:title\" content=\"8 juni: NOS Debat\" \/>\n<meta property=\"og:description\" content=\"NOS Debat Het laatste debat tussen de lijsttrekkers voordat de stembussen open gaan. Enkele uren voordat de stemlokalen open gaan, organiseert de NOS een groot lijsttrekkersdebat. Dit debat vindt plaats in de Statenpassage, vlak naast de Tweede Kamer. Eigenlijk zijn het twee debatten. Om 19.00 zijn de kleine partijen aan de beurt: Kees van der [&hellip;]\" \/>\n<meta property=\"og:url\" content=\"https:\/\/www.debatrix.com\/nl\/nos\/\" \/>\n<meta property=\"og:site_name\" content=\"Debatrix\u00ae Vergroot je overtuigingskracht!\" \/>\n<meta property=\"article:modified_time\" content=\"2012-10-04T16:35:52+00:00\" \/>\n<meta property=\"og:image\" content=\"https:\/\/www.debatrix.com\/nl\/wp-content\/uploads\/2021\/11\/Standaard-foto-OTs.png\" \/>\n\t<meta property=\"og:image:width\" content=\"2560\" \/>\n\t<meta property=\"og:image:height\" content=\"2076\" \/>\n\t<meta property=\"og:image:type\" content=\"image\/png\" \/>\n<meta name=\"twitter:card\" content=\"summary_large_image\" \/>\n<meta name=\"twitter:label1\" content=\"Geschatte leestijd\" \/>\n\t<meta name=\"twitter:data1\" content=\"2 minuten\" \/>\n<script type=\"application\/ld+json\" class=\"yoast-schema-graph\">{\"@context\":\"https:\\\/\\\/schema.org\",\"@graph\":[{\"@type\":\"WebPage\",\"@id\":\"https:\\\/\\\/www.debatrix.com\\\/nl\\\/nos\\\/\",\"url\":\"https:\\\/\\\/www.debatrix.com\\\/nl\\\/nos\\\/\",\"name\":\"8 juni: NOS Debat - Debatrix\u00ae Vergroot je overtuigingskracht!\",\"isPartOf\":{\"@id\":\"https:\\\/\\\/www.debatrix.com\\\/nl\\\/#website\"},\"primaryImageOfPage\":{\"@id\":\"https:\\\/\\\/www.debatrix.com\\\/nl\\\/nos\\\/#primaryimage\"},\"image\":{\"@id\":\"https:\\\/\\\/www.debatrix.com\\\/nl\\\/nos\\\/#primaryimage\"},\"thumbnailUrl\":\"https:\\\/\\\/www.debatrix.com\\\/nl\\\/wp-content\\\/uploads\\\/2010\\\/04\\\/checkmark.jpg\",\"datePublished\":\"2010-04-21T21:06:36+00:00\",\"dateModified\":\"2012-10-04T16:35:52+00:00\",\"breadcrumb\":{\"@id\":\"https:\\\/\\\/www.debatrix.com\\\/nl\\\/nos\\\/#breadcrumb\"},\"inLanguage\":\"nl-NL\",\"potentialAction\":[{\"@type\":\"ReadAction\",\"target\":[\"https:\\\/\\\/www.debatrix.com\\\/nl\\\/nos\\\/\"]}]},{\"@type\":\"ImageObject\",\"inLanguage\":\"nl-NL\",\"@id\":\"https:\\\/\\\/www.debatrix.com\\\/nl\\\/nos\\\/#primaryimage\",\"url\":\"https:\\\/\\\/www.debatrix.com\\\/nl\\\/wp-content\\\/uploads\\\/2010\\\/04\\\/checkmark.jpg\",\"contentUrl\":\"https:\\\/\\\/www.debatrix.com\\\/nl\\\/wp-content\\\/uploads\\\/2010\\\/04\\\/checkmark.jpg\",\"width\":\"13\",\"height\":\"12\"},{\"@type\":\"BreadcrumbList\",\"@id\":\"https:\\\/\\\/www.debatrix.com\\\/nl\\\/nos\\\/#breadcrumb\",\"itemListElement\":[{\"@type\":\"ListItem\",\"position\":1,\"name\":\"Home\",\"item\":\"https:\\\/\\\/www.debatrix.com\\\/nl\\\/home\\\/\"},{\"@type\":\"ListItem\",\"position\":2,\"name\":\"8 juni: NOS Debat\"}]},{\"@type\":\"WebSite\",\"@id\":\"https:\\\/\\\/www.debatrix.com\\\/nl\\\/#website\",\"url\":\"https:\\\/\\\/www.debatrix.com\\\/nl\\\/\",\"name\":\"Debatrix\u00ae Vergroot je overtuigingskracht!\",\"description\":\"Alles over overtuigingskracht, presenteren, training en coaching\",\"potentialAction\":[{\"@type\":\"SearchAction\",\"target\":{\"@type\":\"EntryPoint\",\"urlTemplate\":\"https:\\\/\\\/www.debatrix.com\\\/nl\\\/?s={search_term_string}\"},\"query-input\":{\"@type\":\"PropertyValueSpecification\",\"valueRequired\":true,\"valueName\":\"search_term_string\"}}],\"inLanguage\":\"nl-NL\"}]}<\/script>\n<!-- \/ Yoast SEO Premium plugin. -->","yoast_head_json":{"title":"8 juni: NOS Debat - Debatrix\u00ae Vergroot je overtuigingskracht!","robots":{"index":"index","follow":"follow","max-snippet":"max-snippet:-1","max-image-preview":"max-image-preview:large","max-video-preview":"max-video-preview:-1"},"canonical":"https:\/\/www.debatrix.com\/nl\/nos\/","og_locale":"nl_NL","og_type":"article","og_title":"8 juni: NOS Debat","og_description":"NOS Debat Het laatste debat tussen de lijsttrekkers voordat de stembussen open gaan. Enkele uren voordat de stemlokalen open gaan, organiseert de NOS een groot lijsttrekkersdebat. Dit debat vindt plaats in de Statenpassage, vlak naast de Tweede Kamer. Eigenlijk zijn het twee debatten. Om 19.00 zijn de kleine partijen aan de beurt: Kees van der [&hellip;]","og_url":"https:\/\/www.debatrix.com\/nl\/nos\/","og_site_name":"Debatrix\u00ae Vergroot je overtuigingskracht!","article_modified_time":"2012-10-04T16:35:52+00:00","og_image":[{"width":2560,"height":2076,"url":"https:\/\/www.debatrix.com\/nl\/wp-content\/uploads\/2021\/11\/Standaard-foto-OTs.png","type":"image\/png"}],"twitter_card":"summary_large_image","twitter_misc":{"Geschatte leestijd":"2 minuten"},"schema":{"@context":"https:\/\/schema.org","@graph":[{"@type":"WebPage","@id":"https:\/\/www.debatrix.com\/nl\/nos\/","url":"https:\/\/www.debatrix.com\/nl\/nos\/","name":"8 juni: NOS Debat - Debatrix\u00ae Vergroot je overtuigingskracht!","isPartOf":{"@id":"https:\/\/www.debatrix.com\/nl\/#website"},"primaryImageOfPage":{"@id":"https:\/\/www.debatrix.com\/nl\/nos\/#primaryimage"},"image":{"@id":"https:\/\/www.debatrix.com\/nl\/nos\/#primaryimage"},"thumbnailUrl":"https:\/\/www.debatrix.com\/nl\/wp-content\/uploads\/2010\/04\/checkmark.jpg","datePublished":"2010-04-21T21:06:36+00:00","dateModified":"2012-10-04T16:35:52+00:00","breadcrumb":{"@id":"https:\/\/www.debatrix.com\/nl\/nos\/#breadcrumb"},"inLanguage":"nl-NL","potentialAction":[{"@type":"ReadAction","target":["https:\/\/www.debatrix.com\/nl\/nos\/"]}]},{"@type":"ImageObject","inLanguage":"nl-NL","@id":"https:\/\/www.debatrix.com\/nl\/nos\/#primaryimage","url":"https:\/\/www.debatrix.com\/nl\/wp-content\/uploads\/2010\/04\/checkmark.jpg","contentUrl":"https:\/\/www.debatrix.com\/nl\/wp-content\/uploads\/2010\/04\/checkmark.jpg","width":"13","height":"12"},{"@type":"BreadcrumbList","@id":"https:\/\/www.debatrix.com\/nl\/nos\/#breadcrumb","itemListElement":[{"@type":"ListItem","position":1,"name":"Home","item":"https:\/\/www.debatrix.com\/nl\/home\/"},{"@type":"ListItem","position":2,"name":"8 juni: NOS Debat"}]},{"@type":"WebSite","@id":"https:\/\/www.debatrix.com\/nl\/#website","url":"https:\/\/www.debatrix.com\/nl\/","name":"Debatrix\u00ae Vergroot je overtuigingskracht!","description":"Alles over overtuigingskracht, presenteren, training en coaching","potentialAction":[{"@type":"SearchAction","target":{"@type":"EntryPoint","urlTemplate":"https:\/\/www.debatrix.com\/nl\/?s={search_term_string}"},"query-input":{"@type":"PropertyValueSpecification","valueRequired":true,"valueName":"search_term_string"}}],"inLanguage":"nl-NL"}]}},"_links":{"self":[{"href":"https:\/\/www.debatrix.com\/nl\/wp-json\/wp\/v2\/pages\/2691","targetHints":{"allow":["GET"]}}],"collection":[{"href":"https:\/\/www.debatrix.com\/nl\/wp-json\/wp\/v2\/pages"}],"about":[{"href":"https:\/\/www.debatrix.com\/nl\/wp-json\/wp\/v2\/types\/page"}],"author":[{"embeddable":true,"href":"https:\/\/www.debatrix.com\/nl\/wp-json\/wp\/v2\/users\/5"}],"replies":[{"embeddable":true,"href":"https:\/\/www.debatrix.com\/nl\/wp-json\/wp\/v2\/comments?post=2691"}],"version-history":[{"count":0,"href":"https:\/\/www.debatrix.com\/nl\/wp-json\/wp\/v2\/pages\/2691\/revisions"}],"wp:attachment":[{"href":"https:\/\/www.debatrix.com\/nl\/wp-json\/wp\/v2\/media?parent=2691"}],"curies":[{"name":"wp","href":"https:\/\/api.w.org\/{rel}","templated":true}]}}