{"id":2688,"date":"2010-04-21T23:05:08","date_gmt":"2010-04-21T21:05:08","guid":{"rendered":"http:\/\/www.debatrix.com\/nl\/?page_id=2688"},"modified":"2011-02-16T14:50:15","modified_gmt":"2011-02-16T12:50:15","slug":"eenvandaag","status":"publish","type":"page","link":"https:\/\/www.debatrix.com\/nl\/eenvandaag\/","title":{"rendered":"7 juni: E\u00e9nVandaag"},"content":{"rendered":"<div class=\"intro\">\n<h1>E\u00e9nVandaag Debat<\/h1>\n<p>In samenwerking met studenten organiseert<br \/>\nE\u00e9nVandaag een spannend lijsttrekkersdebat.<\/p>\n<\/div>\n<p><strong>Wanneer:<\/strong> maandag 7 juni<br \/>\n<strong>Hoe laat: <\/strong>18.15 &#8211; 19.10<br \/>\n<strong>Thema: <\/strong>Algemeen<br \/>\n<strong>Debatleider:<\/strong> Pieter-Jan Hagens &amp; Wouter Kurpershoek<\/p>\n<p>Traditiegetrouw wordt het georganiseerd samen met de studenten van de Economische Faculteitsvereniging Rotterdam (EFR). Het debat wordt dan ook gehouden in de aula van de Erasmus Universiteit en bestaat uit zo&#8217;n 900 (voornamelijk) studenten. Politici zoals Geert Wilders hebben de zaal niet mee en kunnen rekenen op flink boe-geroep wanneer zij de zaal binnenlopen (wat ook weer een reden kan zijn voor Wilders om mee te doen). Aan de andere kant hebben D66 en GroenLinks w\u00e9l de zaal mee.<\/p>\n<h3>Analyses van het E\u00e9nVandaag-debat<\/h3>\n<p>Deze analyses kunt u van ons verwachten:<\/p>\n<table class=\"planning\">\n<tbody>\n<tr>\n<th>Datum<\/th>\n<th>Tijd<\/th>\n<th class=\"alignleft\">Analyse \/ onderdeel<\/th>\n<th>Online?<\/th>\n<\/tr>\n<tr>\n<td>7 juni<\/td>\n<td>12:00<\/td>\n<td class=\"alignleft\"><a href=\"https:\/\/www.debatrix.com\/nl\/verkiezingen\/debatarchief\/tweede-kamerverkiezingen-2010\/eenvandaag\/voorbeschouwing\/\" target=\"_self\">Voorbeschouwing<\/a><\/td>\n<td style=\"text-align: center;\"><img decoding=\"async\" title=\"Doet mee? Ja!\" src=\"https:\/\/www.debatrix.com\/nl\/wp-content\/uploads\/2010\/04\/checkmark.jpg\" alt=\"\" width=\"13\" height=\"12\" \/><\/td>\n<\/tr>\n<tr>\n<td>7 juni<\/td>\n<td>18:15<\/td>\n<td class=\"alignleft\"><a href=\"https:\/\/www.debatrix.com\/nl\/verkiezingen\/debatarchief\/tweede-kamerverkiezingen-2010\/eenvandaag\/liveblog\/\" target=\"_self\">Liveblog<\/a>: live commentaar van onze experts<\/td>\n<td style=\"text-align: center;\"><img decoding=\"async\" title=\"Doet mee? Ja!\" src=\"https:\/\/www.debatrix.com\/nl\/wp-content\/uploads\/2010\/04\/checkmark.jpg\" alt=\"\" width=\"13\" height=\"12\" \/><\/td>\n<\/tr>\n<tr>\n<td>7 juni<\/td>\n<td>20:10<\/td>\n<td class=\"alignleft\"><a href=\"https:\/\/www.debatrix.com\/nl\/verkiezingen\/debatarchief\/tweede-kamerverkiezingen-2010\/eenvandaag\/nabeschouwing\/\" target=\"_self\">Nabeschouwing<\/a><\/td>\n<td style=\"text-align: center;\"><img decoding=\"async\" title=\"Doet mee? Ja!\" src=\"https:\/\/www.debatrix.com\/nl\/wp-content\/uploads\/2010\/04\/checkmark.jpg\" alt=\"\" width=\"13\" height=\"12\" \/><\/td>\n<\/tr>\n<\/tbody>\n<\/table>\n<h3>Debatvorm<\/h3>\n<p>Het debat bestaat uit zowel plenaire debatten als 1-op-1-debatten. Eerst debatteren twee lijsttrekkers over een stelling. Die stelling wordt overigens niet bepaald door de redactie. De politieke partijen onderhandelen vaak lang en intensief over de stellingen waarover wordt gedebatteerd. Na het 1-op-1-debat volgt de plenaire discussie. Daarbij wordt tevens de discussie wat breder getrokken en niet meer strikt alleen over de stelling gesproken.<\/p>\n<p>Na afloop van het debat mogen de studenten vragen stellen aan de lijsttrekker. Dit deel wordt niet uitgezonden op TV maar wordt wel opgenomen en uitgezonden op het internet. Lijsttrekkers zijn doorgaans minder op hun hoede dan tijdens de live uitzending. Maar toch kan dit deel van het debat tot memorabele momenten leiden. Tijdens dit deel in 2002 verweet Paul Rosenm\u00f6ller Pim Fortuyn het volgende: &#8220;Als je aangevallen wordt op je zwakke punten, ga je er niet op in en ga je theater maken.&#8221; De zaal brak uit in applaus. Rossenm\u00f6ller stak nog zijn hand uit naar Fortuyn, maar deze laatste weigerde hem.<\/p>\n<h3>Geschiedenis<\/h3>\n<p><img decoding=\"async\" class=\"alignright size-full wp-image-2799\" title=\"Fortuyn &amp; Melkert\" src=\"https:\/\/www.debatrix.com\/nl\/wp-content\/uploads\/2010\/04\/fortuynmelkert.jpg\" alt=\"\" width=\"150\" height=\"106\" \/>Het E\u00e9nVandaag lijsttrekkersdebat wordt dit keer voor de negende keer georganiseerd. Het debat werd voor het eerst georganiseerd in de aanloop naar de Tweede Kamerverkiezingen in 2002, ten tijde van de opmars van Pim Fortuyn. Het was het eerste debat na het desastreus verlopen slotdebat bij de gemeenteraadsverkiezingen.<\/p>\n<p>Studenten van de EFR benaderden de redactie van het toenmalige 2Vandaag met de vraag of zij interesse hadden in een lijsttrekkersdebat. Sindsdien wordt er bij elke verkiezingen samengewerkt. De studenten zijn verantwoordelijk voor de organisatie: beveiliging, lokatie, contact met de deelnemers. De redactie van de actualiteitenrubriek verzorgt de inhoudelijke voorbereiding en levert de debatleider.<\/p>\n","protected":false},"excerpt":{"rendered":"<p>E\u00e9nVandaag Debat In samenwerking met studenten organiseert E\u00e9nVandaag een spannend lijsttrekkersdebat. Wanneer: maandag 7 juni Hoe laat: 18.15 &#8211; 19.10 Thema: Algemeen Debatleider: Pieter-Jan Hagens &amp; Wouter Kurpershoek Traditiegetrouw wordt het georganiseerd samen met de studenten van de Economische Faculteitsvereniging Rotterdam (EFR). Het debat wordt dan ook gehouden in de aula van de Erasmus Universiteit [&hellip;]<\/p>\n","protected":false},"author":5,"featured_media":0,"parent":0,"menu_order":40,"comment_status":"open","ping_status":"closed","template":"verkiezingen.php","meta":{"footnotes":""},"class_list":["post-2688","page","type-page","status-publish","hentry"],"yoast_head":"<!-- This site is optimized with the Yoast SEO Premium plugin v27.0 (Yoast SEO v27.3) - https:\/\/yoast.com\/product\/yoast-seo-premium-wordpress\/ -->\n<title>7 juni: E\u00e9nVandaag - Debatrix\u00ae Vergroot je overtuigingskracht!<\/title>\n<meta name=\"robots\" content=\"index, follow, max-snippet:-1, max-image-preview:large, max-video-preview:-1\" \/>\n<link rel=\"canonical\" href=\"https:\/\/www.debatrix.com\/nl\/eenvandaag\/\" \/>\n<meta property=\"og:locale\" content=\"nl_NL\" \/>\n<meta property=\"og:type\" content=\"article\" \/>\n<meta property=\"og:title\" content=\"7 juni: E\u00e9nVandaag\" \/>\n<meta property=\"og:description\" content=\"E\u00e9nVandaag Debat In samenwerking met studenten organiseert E\u00e9nVandaag een spannend lijsttrekkersdebat. Wanneer: maandag 7 juni Hoe laat: 18.15 &#8211; 19.10 Thema: Algemeen Debatleider: Pieter-Jan Hagens &amp; Wouter Kurpershoek Traditiegetrouw wordt het georganiseerd samen met de studenten van de Economische Faculteitsvereniging Rotterdam (EFR). Het debat wordt dan ook gehouden in de aula van de Erasmus Universiteit [&hellip;]\" \/>\n<meta property=\"og:url\" content=\"https:\/\/www.debatrix.com\/nl\/eenvandaag\/\" \/>\n<meta property=\"og:site_name\" content=\"Debatrix\u00ae Vergroot je overtuigingskracht!\" \/>\n<meta property=\"article:modified_time\" content=\"2011-02-16T12:50:15+00:00\" \/>\n<meta property=\"og:image\" content=\"https:\/\/www.debatrix.com\/nl\/wp-content\/uploads\/2021\/11\/Standaard-foto-OTs.png\" \/>\n\t<meta property=\"og:image:width\" content=\"2560\" \/>\n\t<meta property=\"og:image:height\" content=\"2076\" \/>\n\t<meta property=\"og:image:type\" content=\"image\/png\" \/>\n<meta name=\"twitter:card\" content=\"summary_large_image\" \/>\n<meta name=\"twitter:label1\" content=\"Geschatte leestijd\" \/>\n\t<meta name=\"twitter:data1\" content=\"2 minuten\" \/>\n<script type=\"application\/ld+json\" class=\"yoast-schema-graph\">{\"@context\":\"https:\\\/\\\/schema.org\",\"@graph\":[{\"@type\":\"WebPage\",\"@id\":\"https:\\\/\\\/www.debatrix.com\\\/nl\\\/eenvandaag\\\/\",\"url\":\"https:\\\/\\\/www.debatrix.com\\\/nl\\\/eenvandaag\\\/\",\"name\":\"7 juni: E\u00e9nVandaag - Debatrix\u00ae Vergroot je overtuigingskracht!\",\"isPartOf\":{\"@id\":\"https:\\\/\\\/www.debatrix.com\\\/nl\\\/#website\"},\"primaryImageOfPage\":{\"@id\":\"https:\\\/\\\/www.debatrix.com\\\/nl\\\/eenvandaag\\\/#primaryimage\"},\"image\":{\"@id\":\"https:\\\/\\\/www.debatrix.com\\\/nl\\\/eenvandaag\\\/#primaryimage\"},\"thumbnailUrl\":\"https:\\\/\\\/www.debatrix.com\\\/nl\\\/wp-content\\\/uploads\\\/2010\\\/04\\\/checkmark.jpg\",\"datePublished\":\"2010-04-21T21:05:08+00:00\",\"dateModified\":\"2011-02-16T12:50:15+00:00\",\"breadcrumb\":{\"@id\":\"https:\\\/\\\/www.debatrix.com\\\/nl\\\/eenvandaag\\\/#breadcrumb\"},\"inLanguage\":\"nl-NL\",\"potentialAction\":[{\"@type\":\"ReadAction\",\"target\":[\"https:\\\/\\\/www.debatrix.com\\\/nl\\\/eenvandaag\\\/\"]}]},{\"@type\":\"ImageObject\",\"inLanguage\":\"nl-NL\",\"@id\":\"https:\\\/\\\/www.debatrix.com\\\/nl\\\/eenvandaag\\\/#primaryimage\",\"url\":\"https:\\\/\\\/www.debatrix.com\\\/nl\\\/wp-content\\\/uploads\\\/2010\\\/04\\\/checkmark.jpg\",\"contentUrl\":\"https:\\\/\\\/www.debatrix.com\\\/nl\\\/wp-content\\\/uploads\\\/2010\\\/04\\\/checkmark.jpg\",\"width\":\"13\",\"height\":\"12\"},{\"@type\":\"BreadcrumbList\",\"@id\":\"https:\\\/\\\/www.debatrix.com\\\/nl\\\/eenvandaag\\\/#breadcrumb\",\"itemListElement\":[{\"@type\":\"ListItem\",\"position\":1,\"name\":\"Home\",\"item\":\"https:\\\/\\\/www.debatrix.com\\\/nl\\\/home\\\/\"},{\"@type\":\"ListItem\",\"position\":2,\"name\":\"7 juni: E\u00e9nVandaag\"}]},{\"@type\":\"WebSite\",\"@id\":\"https:\\\/\\\/www.debatrix.com\\\/nl\\\/#website\",\"url\":\"https:\\\/\\\/www.debatrix.com\\\/nl\\\/\",\"name\":\"Debatrix\u00ae Vergroot je overtuigingskracht!\",\"description\":\"Alles over overtuigingskracht, presenteren, training en coaching\",\"potentialAction\":[{\"@type\":\"SearchAction\",\"target\":{\"@type\":\"EntryPoint\",\"urlTemplate\":\"https:\\\/\\\/www.debatrix.com\\\/nl\\\/?s={search_term_string}\"},\"query-input\":{\"@type\":\"PropertyValueSpecification\",\"valueRequired\":true,\"valueName\":\"search_term_string\"}}],\"inLanguage\":\"nl-NL\"}]}<\/script>\n<!-- \/ Yoast SEO Premium plugin. -->","yoast_head_json":{"title":"7 juni: E\u00e9nVandaag - Debatrix\u00ae Vergroot je overtuigingskracht!","robots":{"index":"index","follow":"follow","max-snippet":"max-snippet:-1","max-image-preview":"max-image-preview:large","max-video-preview":"max-video-preview:-1"},"canonical":"https:\/\/www.debatrix.com\/nl\/eenvandaag\/","og_locale":"nl_NL","og_type":"article","og_title":"7 juni: E\u00e9nVandaag","og_description":"E\u00e9nVandaag Debat In samenwerking met studenten organiseert E\u00e9nVandaag een spannend lijsttrekkersdebat. Wanneer: maandag 7 juni Hoe laat: 18.15 &#8211; 19.10 Thema: Algemeen Debatleider: Pieter-Jan Hagens &amp; Wouter Kurpershoek Traditiegetrouw wordt het georganiseerd samen met de studenten van de Economische Faculteitsvereniging Rotterdam (EFR). Het debat wordt dan ook gehouden in de aula van de Erasmus Universiteit [&hellip;]","og_url":"https:\/\/www.debatrix.com\/nl\/eenvandaag\/","og_site_name":"Debatrix\u00ae Vergroot je overtuigingskracht!","article_modified_time":"2011-02-16T12:50:15+00:00","og_image":[{"width":2560,"height":2076,"url":"https:\/\/www.debatrix.com\/nl\/wp-content\/uploads\/2021\/11\/Standaard-foto-OTs.png","type":"image\/png"}],"twitter_card":"summary_large_image","twitter_misc":{"Geschatte leestijd":"2 minuten"},"schema":{"@context":"https:\/\/schema.org","@graph":[{"@type":"WebPage","@id":"https:\/\/www.debatrix.com\/nl\/eenvandaag\/","url":"https:\/\/www.debatrix.com\/nl\/eenvandaag\/","name":"7 juni: E\u00e9nVandaag - Debatrix\u00ae Vergroot je overtuigingskracht!","isPartOf":{"@id":"https:\/\/www.debatrix.com\/nl\/#website"},"primaryImageOfPage":{"@id":"https:\/\/www.debatrix.com\/nl\/eenvandaag\/#primaryimage"},"image":{"@id":"https:\/\/www.debatrix.com\/nl\/eenvandaag\/#primaryimage"},"thumbnailUrl":"https:\/\/www.debatrix.com\/nl\/wp-content\/uploads\/2010\/04\/checkmark.jpg","datePublished":"2010-04-21T21:05:08+00:00","dateModified":"2011-02-16T12:50:15+00:00","breadcrumb":{"@id":"https:\/\/www.debatrix.com\/nl\/eenvandaag\/#breadcrumb"},"inLanguage":"nl-NL","potentialAction":[{"@type":"ReadAction","target":["https:\/\/www.debatrix.com\/nl\/eenvandaag\/"]}]},{"@type":"ImageObject","inLanguage":"nl-NL","@id":"https:\/\/www.debatrix.com\/nl\/eenvandaag\/#primaryimage","url":"https:\/\/www.debatrix.com\/nl\/wp-content\/uploads\/2010\/04\/checkmark.jpg","contentUrl":"https:\/\/www.debatrix.com\/nl\/wp-content\/uploads\/2010\/04\/checkmark.jpg","width":"13","height":"12"},{"@type":"BreadcrumbList","@id":"https:\/\/www.debatrix.com\/nl\/eenvandaag\/#breadcrumb","itemListElement":[{"@type":"ListItem","position":1,"name":"Home","item":"https:\/\/www.debatrix.com\/nl\/home\/"},{"@type":"ListItem","position":2,"name":"7 juni: E\u00e9nVandaag"}]},{"@type":"WebSite","@id":"https:\/\/www.debatrix.com\/nl\/#website","url":"https:\/\/www.debatrix.com\/nl\/","name":"Debatrix\u00ae Vergroot je overtuigingskracht!","description":"Alles over overtuigingskracht, presenteren, training en coaching","potentialAction":[{"@type":"SearchAction","target":{"@type":"EntryPoint","urlTemplate":"https:\/\/www.debatrix.com\/nl\/?s={search_term_string}"},"query-input":{"@type":"PropertyValueSpecification","valueRequired":true,"valueName":"search_term_string"}}],"inLanguage":"nl-NL"}]}},"_links":{"self":[{"href":"https:\/\/www.debatrix.com\/nl\/wp-json\/wp\/v2\/pages\/2688","targetHints":{"allow":["GET"]}}],"collection":[{"href":"https:\/\/www.debatrix.com\/nl\/wp-json\/wp\/v2\/pages"}],"about":[{"href":"https:\/\/www.debatrix.com\/nl\/wp-json\/wp\/v2\/types\/page"}],"author":[{"embeddable":true,"href":"https:\/\/www.debatrix.com\/nl\/wp-json\/wp\/v2\/users\/5"}],"replies":[{"embeddable":true,"href":"https:\/\/www.debatrix.com\/nl\/wp-json\/wp\/v2\/comments?post=2688"}],"version-history":[{"count":0,"href":"https:\/\/www.debatrix.com\/nl\/wp-json\/wp\/v2\/pages\/2688\/revisions"}],"wp:attachment":[{"href":"https:\/\/www.debatrix.com\/nl\/wp-json\/wp\/v2\/media?parent=2688"}],"curies":[{"name":"wp","href":"https:\/\/api.w.org\/{rel}","templated":true}]}}