{"id":23,"date":"2008-06-24T14:06:19","date_gmt":"2008-06-24T12:06:19","guid":{"rendered":"http:\/\/www.debatrix.com\/nl\/?page_id=23"},"modified":"2013-06-13T12:23:13","modified_gmt":"2013-06-13T10:23:13","slug":"pitch-to-perform","status":"publish","type":"page","link":"https:\/\/www.debatrix.com\/nl\/lezingen-inspiratiesessies\/interactie\/pitch-to-perform\/","title":{"rendered":"Pitch-to-Perform"},"content":{"rendered":"<div class=\"intro\">\n<h1>Pitch-to-Perform<\/h1>\n<p>Een sessie die garant staat voor goede, gedragen beslissingen.<\/p>\n<\/div>\n<p>U wilt putten uit de creativiteit van alle lagen binnen de organisatie. En daarnaast legt u graag de basis voor een cultuur van ondernemende medewerkers (intrapeneurs). Om dit te bereiken is Pitch-to-Perform van Debatrix een uitermate geschikt middel!<\/p>\n<h2>Een programma\u00a0met impact<\/h2>\n<p><strong>Blok 1 \u2013 Context debat over de organisatie omgeving.<br \/>\n<\/strong>De nadruk van het eerste deel van Pitch-to-Perform ligt op het identificeren en uitdiepen van de problemen en uitdagingen voor de organisatie. Bij de Pitch-to-Perform sessie beginnen we daarom met een strategiedebat over de marktcontext en de strategische uitdagingen voor de organisatie. Met andere woorden, wat verandert er om ons heen? En waar willen wij naar toe? Het doel van het debat is om een \u2018sense of urgency\u2019 te cre\u00eberen. Over oplossingen nadenken is pas echt zinvol wanneer iedereen de ernst van de situatie onder ogen heeft gekregen.<\/p>\n<p><strong>Blok 2 \u2013 Pitchsessie<br \/>\n<\/strong>Vervolgens verschuift de nadruk van de sessie zich naar het bedenken van innovatieve oplossingen. Deelnemers gaan in groepen brainstormen over mogelijke oplossingen met als doel om aan het einde van de dag een concrete oplossing voor te leggen aan de directie. Zij krijgen allemaal een <a href=\"https:\/\/www.debatrix.com\/nl\/overtuigen\/training\/overtuigend-pitchen\/\" target=\"_self\">pitchtraininig<\/a> om hun creatieve plannen goed te verwoorden.<br \/>\nAan het einde van de dag presenteren alle deelnemers hun oplossing aan de directie. In 80% van de gevallen moet de directie direct beslissen of het wordt ingevoerd.\u00a0De tijdsdruk komt de daadkracht ten goede!<\/p>\n<p><strong>Follow Through &#8211; Discussie is pas relevant als er ook tastbare gevolgen zijn<\/strong><br \/>\nNieuwe idee\u00ebn stimuleren is niet alleen een kwestie van praten, maar ook van actie. Aan het einde van de dag heeft u een aantal acties die u direct kan communiceren en tot uitvoer brengen de volgende dag. Wij zitten graag bij het overleg de volgende ochtend om te helpen de initiatieven om te zetten in acties.<\/p>\n<h2>Drie succesvolle cases<\/h2>\n<p>Genoeg over het pitchen zelf. Nu van woorden naar daden. Hierbij drie succesvolle praktijkvoorbeelden.<\/p>\n<ul>\n<li><strong>Pitchen voor de CEO van KPN<\/strong><br \/>\nOp de landelijke OR-dag van KPN kregen de leden van de verschillende Ondernemingsraden de unieke kans om hun beste idee\u00ebn direct voor te leggen aan CEO Ad Scheepbouwer. Niet tijdens een vergadering of vragenuurtje, maar tijdens een interactieve pitch-sessie. Als voorbereiding verzorgden we eerst een serie pitchtrainingen binnen KPN. Hans Cornelis, procesmanager bij KPN en lid van de centrale ondernemingsraad: &#8220;We hebben alles in \u00e9\u00e9n dag bij Debatrix geleerd. Leren pitchen is kicken!&#8221;<\/li>\n<li><strong>Samen aan de slag met de WAJONG<\/strong><br \/>\nVeel jonggehandicapten zitten onnodig thuis met een WAJONG-uitkering. Ontzettend veel instanties en jobcoaches doen hun uiterste best om deze jongeren aan de slag te helpen. Maar dat lukt nog te weinig. In opdracht van Stichting Gilde Zorg lieten we jongeren, jobcoaches en diverse experts debatteren, brainstormen en pitchen. Het resultaat? Meer inzicht in de specifieke problemen, nieuwe samenwerkingsverbanden en landelijke media-aandacht voor concrete oplossingen, waarvan de eerste inmiddels al zijn uitgevoerd.<\/li>\n<li><strong>Betere bedrijfsprocessen en meer klantcontact<\/strong><br \/>\nHet management van Teesing BV \u2014 winnaar van de Ondernemersprijs Haaglanden en de Baby Tycoon Award 2006 \u2014 wilde graag haar bedrijfsprocessen verbeteren en haar klantcontact verstevigen. Maar hoe? Die vraag legde het management voor aan de medewerkers. Na een brainstormsessie en een pitchtraining presenteerden de medewerkers overtuigende pitches met vernieuwende idee\u00ebn. Het resultaat? Betrokken en gemotiveerde medewerkers, \u00e9n een verzameling goede idee\u00ebn waarvan de eerste al de volgende dag werden opgepakt.<\/li>\n<\/ul>\n<h2>Leren van Jack Welch<\/h2>\n<p>Maar dit is toch niet volstrekt nieuw? Nee, dat klopt. En dat geven we ook graag toe. Jack Welch, voormalig CEO van General Electric (GE), organiseerde dergelijke sessies al eind jaren &#8217;80. Op een moment dat het slecht ging met het GE. Het roer moest om. Met periodieke pitchsessies verzamelde Welch alle goede idee\u00ebn van medewerkers om het bedrijf te verbeteren. De beste idee\u00ebn werden direct opgepakt door het management. En het resultaat mocht er zijn: onder Welch groeide GE uit tot \u00e9\u00e9n van de meest succesvolle bedrijven ter wereld.<\/p>\n<p>Pitch-to-Perform\u00a0staat garant voor snelle en duidelijke beslissingen. Neem <a title=\"We bijten niet hoor\" href=\"https:\/\/www.debatrix.com\/nl\/organisatie\/contact\" target=\"_self\">contact <\/a>met ons op om uw bijeenkomst te veranderen in een energieke impactdag!<\/p>\n<h3>Reacties<\/h3>\n<p>Deelnemers over deze training:<\/p>\n<table>\n<tbody>\n<tr>\n<td><a href=\"https:\/\/www.debatrix.com\/nl\/wp-content\/uploads\/2008\/06\/brian-schilham.jpg\"><img decoding=\"async\" class=\" wp-image-12973 alignleft\" alt=\"brian schilham\" src=\"https:\/\/www.debatrix.com\/nl\/wp-content\/uploads\/2008\/06\/brian-schilham-300x300.jpg\" width=\"45\" height=\"45\" srcset=\"https:\/\/www.debatrix.com\/nl\/wp-content\/uploads\/2008\/06\/brian-schilham-300x300.jpg 300w, https:\/\/www.debatrix.com\/nl\/wp-content\/uploads\/2008\/06\/brian-schilham-150x150.jpg 150w, https:\/\/www.debatrix.com\/nl\/wp-content\/uploads\/2008\/06\/brian-schilham.jpg 400w\" sizes=\"(max-width: 45px) 100vw, 45px\" \/><\/a><\/td>\n<td>&#8220;Een goede aanvulling op het &#8216;verbaal meesterschap&#8217; van Remco Claassen&#8221;(Brian Schilham, Business Consultant bij Delta Lloyd)<\/td>\n<\/tr>\n<tr>\n<td><\/td>\n<td><\/td>\n<\/tr>\n<\/tbody>\n<\/table>\n<p>Lees hier\u00a0<a title=\"Klanten over Debatrix\" href=\" https:\/\/www.debatrix.com\/nl\/organisatie\/anderen-over-ons\" target=\"_blank\">meer reacties<\/a>\u00a0op onze cursussen en trainingen.<\/p>\n<p>&nbsp;<\/p>\n<ul class=\"buttons\">\n<li><a href=\"https:\/\/www.debatrix.com\/nl\/contact\/formulier\/\">Contact<\/a><\/li>\n<li><a href=\"https:\/\/www.debatrix.com\/nl\/contact\/bel-mij-terug\/\">Laat u terugbellen door \u00e9\u00e9n van onze performance experts <\/a><\/li>\n<\/ul>\n","protected":false},"excerpt":{"rendered":"<p>Pitch-to-Perform Een sessie die garant staat voor goede, gedragen beslissingen. U wilt putten uit de creativiteit van alle lagen binnen de organisatie. En daarnaast legt u graag de basis voor een cultuur van ondernemende medewerkers (intrapeneurs). Om dit te bereiken is Pitch-to-Perform van Debatrix een uitermate geschikt middel! Een programma\u00a0met impact Blok 1 \u2013 Context [&hellip;]<\/p>\n","protected":false},"author":2,"featured_media":0,"parent":4,"menu_order":6,"comment_status":"open","ping_status":"closed","template":"","meta":{"footnotes":""},"class_list":["post-23","page","type-page","status-publish","hentry"],"yoast_head":"<!-- This site is optimized with the Yoast SEO Premium plugin v27.0 (Yoast SEO v27.5) - https:\/\/yoast.com\/product\/yoast-seo-premium-wordpress\/ -->\n<title>Pitch-to-Perform - Debatrix\u00ae Vergroot je overtuigingskracht!<\/title>\n<meta name=\"robots\" content=\"index, follow, max-snippet:-1, max-image-preview:large, max-video-preview:-1\" \/>\n<link rel=\"canonical\" href=\"https:\/\/www.debatrix.com\/nl\/lezingen-inspiratiesessies\/interactie\/pitch-to-perform\/\" \/>\n<meta property=\"og:locale\" content=\"nl_NL\" \/>\n<meta property=\"og:type\" content=\"article\" \/>\n<meta property=\"og:title\" content=\"Pitch-to-Perform\" \/>\n<meta property=\"og:description\" content=\"Pitch-to-Perform Een sessie die garant staat voor goede, gedragen beslissingen. U wilt putten uit de creativiteit van alle lagen binnen de organisatie. En daarnaast legt u graag de basis voor een cultuur van ondernemende medewerkers (intrapeneurs). Om dit te bereiken is Pitch-to-Perform van Debatrix een uitermate geschikt middel! Een programma\u00a0met impact Blok 1 \u2013 Context [&hellip;]\" \/>\n<meta property=\"og:url\" content=\"https:\/\/www.debatrix.com\/nl\/lezingen-inspiratiesessies\/interactie\/pitch-to-perform\/\" \/>\n<meta property=\"og:site_name\" content=\"Debatrix\u00ae Vergroot je overtuigingskracht!\" \/>\n<meta property=\"article:modified_time\" content=\"2013-06-13T10:23:13+00:00\" \/>\n<meta property=\"og:image\" content=\"https:\/\/www.debatrix.com\/nl\/wp-content\/uploads\/2021\/11\/Standaard-foto-OTs.png\" \/>\n\t<meta property=\"og:image:width\" content=\"2560\" \/>\n\t<meta property=\"og:image:height\" content=\"2076\" \/>\n\t<meta property=\"og:image:type\" content=\"image\/png\" \/>\n<meta name=\"twitter:card\" content=\"summary_large_image\" \/>\n<meta name=\"twitter:label1\" content=\"Geschatte leestijd\" \/>\n\t<meta name=\"twitter:data1\" content=\"4 minuten\" \/>\n<script type=\"application\/ld+json\" class=\"yoast-schema-graph\">{\"@context\":\"https:\\\/\\\/schema.org\",\"@graph\":[{\"@type\":\"WebPage\",\"@id\":\"https:\\\/\\\/www.debatrix.com\\\/nl\\\/lezingen-inspiratiesessies\\\/interactie\\\/pitch-to-perform\\\/\",\"url\":\"https:\\\/\\\/www.debatrix.com\\\/nl\\\/lezingen-inspiratiesessies\\\/interactie\\\/pitch-to-perform\\\/\",\"name\":\"Pitch-to-Perform - Debatrix\u00ae Vergroot je overtuigingskracht!\",\"isPartOf\":{\"@id\":\"https:\\\/\\\/www.debatrix.com\\\/nl\\\/#website\"},\"primaryImageOfPage\":{\"@id\":\"https:\\\/\\\/www.debatrix.com\\\/nl\\\/lezingen-inspiratiesessies\\\/interactie\\\/pitch-to-perform\\\/#primaryimage\"},\"image\":{\"@id\":\"https:\\\/\\\/www.debatrix.com\\\/nl\\\/lezingen-inspiratiesessies\\\/interactie\\\/pitch-to-perform\\\/#primaryimage\"},\"thumbnailUrl\":\"https:\\\/\\\/www.debatrix.com\\\/nl\\\/wp-content\\\/uploads\\\/2008\\\/06\\\/brian-schilham-300x300.jpg\",\"datePublished\":\"2008-06-24T12:06:19+00:00\",\"dateModified\":\"2013-06-13T10:23:13+00:00\",\"breadcrumb\":{\"@id\":\"https:\\\/\\\/www.debatrix.com\\\/nl\\\/lezingen-inspiratiesessies\\\/interactie\\\/pitch-to-perform\\\/#breadcrumb\"},\"inLanguage\":\"nl-NL\",\"potentialAction\":[{\"@type\":\"ReadAction\",\"target\":[\"https:\\\/\\\/www.debatrix.com\\\/nl\\\/lezingen-inspiratiesessies\\\/interactie\\\/pitch-to-perform\\\/\"]}]},{\"@type\":\"ImageObject\",\"inLanguage\":\"nl-NL\",\"@id\":\"https:\\\/\\\/www.debatrix.com\\\/nl\\\/lezingen-inspiratiesessies\\\/interactie\\\/pitch-to-perform\\\/#primaryimage\",\"url\":\"https:\\\/\\\/www.debatrix.com\\\/nl\\\/wp-content\\\/uploads\\\/2008\\\/06\\\/brian-schilham.jpg\",\"contentUrl\":\"https:\\\/\\\/www.debatrix.com\\\/nl\\\/wp-content\\\/uploads\\\/2008\\\/06\\\/brian-schilham.jpg\",\"width\":400,\"height\":400},{\"@type\":\"BreadcrumbList\",\"@id\":\"https:\\\/\\\/www.debatrix.com\\\/nl\\\/lezingen-inspiratiesessies\\\/interactie\\\/pitch-to-perform\\\/#breadcrumb\",\"itemListElement\":[{\"@type\":\"ListItem\",\"position\":1,\"name\":\"Home\",\"item\":\"https:\\\/\\\/www.debatrix.com\\\/nl\\\/home\\\/\"},{\"@type\":\"ListItem\",\"position\":2,\"name\":\"Lezingen\",\"item\":\"https:\\\/\\\/www.debatrix.com\\\/nl\\\/lezingen-inspiratiesessies\\\/\"},{\"@type\":\"ListItem\",\"position\":3,\"name\":\"Gespreksleiding\",\"item\":\"https:\\\/\\\/www.debatrix.com\\\/nl\\\/lezingen-inspiratiesessies\\\/interactie\\\/\"},{\"@type\":\"ListItem\",\"position\":4,\"name\":\"Pitch-to-Perform\"}]},{\"@type\":\"WebSite\",\"@id\":\"https:\\\/\\\/www.debatrix.com\\\/nl\\\/#website\",\"url\":\"https:\\\/\\\/www.debatrix.com\\\/nl\\\/\",\"name\":\"Debatrix\u00ae Vergroot je overtuigingskracht!\",\"description\":\"Alles over overtuigingskracht, presenteren, training en coaching\",\"potentialAction\":[{\"@type\":\"SearchAction\",\"target\":{\"@type\":\"EntryPoint\",\"urlTemplate\":\"https:\\\/\\\/www.debatrix.com\\\/nl\\\/?s={search_term_string}\"},\"query-input\":{\"@type\":\"PropertyValueSpecification\",\"valueRequired\":true,\"valueName\":\"search_term_string\"}}],\"inLanguage\":\"nl-NL\"}]}<\/script>\n<!-- \/ Yoast SEO Premium plugin. -->","yoast_head_json":{"title":"Pitch-to-Perform - Debatrix\u00ae Vergroot je overtuigingskracht!","robots":{"index":"index","follow":"follow","max-snippet":"max-snippet:-1","max-image-preview":"max-image-preview:large","max-video-preview":"max-video-preview:-1"},"canonical":"https:\/\/www.debatrix.com\/nl\/lezingen-inspiratiesessies\/interactie\/pitch-to-perform\/","og_locale":"nl_NL","og_type":"article","og_title":"Pitch-to-Perform","og_description":"Pitch-to-Perform Een sessie die garant staat voor goede, gedragen beslissingen. U wilt putten uit de creativiteit van alle lagen binnen de organisatie. En daarnaast legt u graag de basis voor een cultuur van ondernemende medewerkers (intrapeneurs). Om dit te bereiken is Pitch-to-Perform van Debatrix een uitermate geschikt middel! Een programma\u00a0met impact Blok 1 \u2013 Context [&hellip;]","og_url":"https:\/\/www.debatrix.com\/nl\/lezingen-inspiratiesessies\/interactie\/pitch-to-perform\/","og_site_name":"Debatrix\u00ae Vergroot je overtuigingskracht!","article_modified_time":"2013-06-13T10:23:13+00:00","og_image":[{"width":2560,"height":2076,"url":"https:\/\/www.debatrix.com\/nl\/wp-content\/uploads\/2021\/11\/Standaard-foto-OTs.png","type":"image\/png"}],"twitter_card":"summary_large_image","twitter_misc":{"Geschatte leestijd":"4 minuten"},"schema":{"@context":"https:\/\/schema.org","@graph":[{"@type":"WebPage","@id":"https:\/\/www.debatrix.com\/nl\/lezingen-inspiratiesessies\/interactie\/pitch-to-perform\/","url":"https:\/\/www.debatrix.com\/nl\/lezingen-inspiratiesessies\/interactie\/pitch-to-perform\/","name":"Pitch-to-Perform - Debatrix\u00ae Vergroot je overtuigingskracht!","isPartOf":{"@id":"https:\/\/www.debatrix.com\/nl\/#website"},"primaryImageOfPage":{"@id":"https:\/\/www.debatrix.com\/nl\/lezingen-inspiratiesessies\/interactie\/pitch-to-perform\/#primaryimage"},"image":{"@id":"https:\/\/www.debatrix.com\/nl\/lezingen-inspiratiesessies\/interactie\/pitch-to-perform\/#primaryimage"},"thumbnailUrl":"https:\/\/www.debatrix.com\/nl\/wp-content\/uploads\/2008\/06\/brian-schilham-300x300.jpg","datePublished":"2008-06-24T12:06:19+00:00","dateModified":"2013-06-13T10:23:13+00:00","breadcrumb":{"@id":"https:\/\/www.debatrix.com\/nl\/lezingen-inspiratiesessies\/interactie\/pitch-to-perform\/#breadcrumb"},"inLanguage":"nl-NL","potentialAction":[{"@type":"ReadAction","target":["https:\/\/www.debatrix.com\/nl\/lezingen-inspiratiesessies\/interactie\/pitch-to-perform\/"]}]},{"@type":"ImageObject","inLanguage":"nl-NL","@id":"https:\/\/www.debatrix.com\/nl\/lezingen-inspiratiesessies\/interactie\/pitch-to-perform\/#primaryimage","url":"https:\/\/www.debatrix.com\/nl\/wp-content\/uploads\/2008\/06\/brian-schilham.jpg","contentUrl":"https:\/\/www.debatrix.com\/nl\/wp-content\/uploads\/2008\/06\/brian-schilham.jpg","width":400,"height":400},{"@type":"BreadcrumbList","@id":"https:\/\/www.debatrix.com\/nl\/lezingen-inspiratiesessies\/interactie\/pitch-to-perform\/#breadcrumb","itemListElement":[{"@type":"ListItem","position":1,"name":"Home","item":"https:\/\/www.debatrix.com\/nl\/home\/"},{"@type":"ListItem","position":2,"name":"Lezingen","item":"https:\/\/www.debatrix.com\/nl\/lezingen-inspiratiesessies\/"},{"@type":"ListItem","position":3,"name":"Gespreksleiding","item":"https:\/\/www.debatrix.com\/nl\/lezingen-inspiratiesessies\/interactie\/"},{"@type":"ListItem","position":4,"name":"Pitch-to-Perform"}]},{"@type":"WebSite","@id":"https:\/\/www.debatrix.com\/nl\/#website","url":"https:\/\/www.debatrix.com\/nl\/","name":"Debatrix\u00ae Vergroot je overtuigingskracht!","description":"Alles over overtuigingskracht, presenteren, training en coaching","potentialAction":[{"@type":"SearchAction","target":{"@type":"EntryPoint","urlTemplate":"https:\/\/www.debatrix.com\/nl\/?s={search_term_string}"},"query-input":{"@type":"PropertyValueSpecification","valueRequired":true,"valueName":"search_term_string"}}],"inLanguage":"nl-NL"}]}},"_links":{"self":[{"href":"https:\/\/www.debatrix.com\/nl\/wp-json\/wp\/v2\/pages\/23","targetHints":{"allow":["GET"]}}],"collection":[{"href":"https:\/\/www.debatrix.com\/nl\/wp-json\/wp\/v2\/pages"}],"about":[{"href":"https:\/\/www.debatrix.com\/nl\/wp-json\/wp\/v2\/types\/page"}],"author":[{"embeddable":true,"href":"https:\/\/www.debatrix.com\/nl\/wp-json\/wp\/v2\/users\/2"}],"replies":[{"embeddable":true,"href":"https:\/\/www.debatrix.com\/nl\/wp-json\/wp\/v2\/comments?post=23"}],"version-history":[{"count":0,"href":"https:\/\/www.debatrix.com\/nl\/wp-json\/wp\/v2\/pages\/23\/revisions"}],"up":[{"embeddable":true,"href":"https:\/\/www.debatrix.com\/nl\/wp-json\/wp\/v2\/pages\/4"}],"wp:attachment":[{"href":"https:\/\/www.debatrix.com\/nl\/wp-json\/wp\/v2\/media?parent=23"}],"curies":[{"name":"wp","href":"https:\/\/api.w.org\/{rel}","templated":true}]}}