{"id":22827,"date":"2017-12-01T10:26:21","date_gmt":"2017-12-01T08:26:21","guid":{"rendered":"https:\/\/www.debatrix.com\/nl\/?page_id=22827"},"modified":"2025-04-23T11:57:35","modified_gmt":"2025-04-23T09:57:35","slug":"2-boodschapdiscipline-herhaling","status":"publish","type":"page","link":"https:\/\/www.debatrix.com\/nl\/2-boodschapdiscipline-herhaling\/","title":{"rendered":"#2. Boodschapdiscipline: herhaling"},"content":{"rendered":"<p><strong>Stel, jij hebt een geweldig idee voor de gemeenteraadscampagne. In jouw enorme enthousiasme wil je er direct mee aan de slag en wil je zo veel mogelijk mensen meekrijgen. Voordat je hen jouw idee gaat vertellen: stop! Tel tot drie. En gebruik eerst deze overtuigtechniek.<\/strong><\/p>\n<p><em>(Geschreven door Job Ten Bosch, mede-oprichter van Debatrix)<\/em><\/p>\n<p>Als jij \u2013 net als ik \u2013 de neiging hebt om jouw idee direct van de daken te schreeuwen, denk dan aan het aloude adagium van \u2018onbekend maakt onbemind\u2019. Bewust of onbewust groeit jouw idee al een tijdje in jouw hoofd. Voor de ander is het daarentegen een volledig nieuw idee en dus onbemind.<\/p>\n<h3>Bekend maakt bemind<\/h3>\n<p>Je bent misschien wel bekend met het verschijnsel dat mensen een aangenaam gevoel krijgen van zaken wanneer ze deze vaker (on)bewust gezien hebben (het zogenoemde\u00a0<a href=\"https:\/\/www.debatrix.com\/nl\/2008\/01\/deel-10-herhaal-ik-herhaal-herhaal\/\">mere-exposure effect<\/a>). Weet je ook dat idee\u00ebn die bekend voorkomen sneller als geloofwaardig worden ervaren, omdat we er simpelweg mentaal sneller \u2018bijkomen\u2019 (<a href=\"https:\/\/www.debatrix.com\/nl\/2017\/02\/vergroot-je-overtuigingskracht-hoe-makkelijker-hoe-geloofwaardiger\/\">information-retrieval proces<\/a>). Het is dus zaak om jouw idee stapje voor stapje bekender te maken bij jouw kiezers.<\/p>\n<h2>Jouw eigen be\u00efnvloedingscampagne<\/h2>\n<p>In plaats van ons idee in \u00e9\u00e9n keer te delen, kunnen we ons idee beter drupsgewijs delen. Zie het als een kleine be\u00efnvloedingscampagne.<\/p>\n<p>Over het algemeen kunnen we stellen dat de acceptatie van een idee blijft stijgen na 10 tot 20 keer eraan blootgesteld te zijn. Bij complexe idee\u00ebn blijkt dit getal zelfs hoger te liggen. Dat lijkt veel, maar het is een schijntje in vergelijking met\u00a0<a href=\"https:\/\/www.debatrix.com\/nl\/organisatie\/doelgroepen\/leiderschap-bij-verandering\/\">de stortvloed van informatie<\/a>\u00a0die we dagelijks over ons heen krijgen. Het is dus zaak om zowat elke kans die je krijgt te gebruiken om kort en subtiel jouw idee als een zaadje te \u2018planten\u2019.<\/p>\n<h3>Doseer<\/h3>\n<p>Verdeel jouw verhaal in kleinere versies. Kleine stukjes. Laat deze stukjes steeds bepaalde delen beslaan van jouw voorstel. Zo beslaat een stukje van jouw verhaal een probleem. Verpak dat probleem als een vraag of mysterie om mensen alvast aan het denken te zetten over dat onderwerp. Een ander stukje van jouw verhaal is (natuurlijk) de oplossing. Gebruik een metafoor om de oplossing te benoemen zodat het later uiteindelijk allemaal samenkomt.<\/p>\n<h3>Mix &amp; Match<\/h3>\n<p>Variatie in de kleinere versies houdt het voor jouw collega\u2019s interessant. Dat kan door het idee in verschillende vormen te benoemen, maar ook door het te koppelen aan andere onderwerpen die reeds spelen. Steeds wordt de bekendheid van jouw idee vergroot.<\/p>\n<h3>Timen<\/h3>\n<p>Zorg voor wat tijd tussen de presentatie van jouw idee en de evaluatie ervan. Geef het zaadje de tijd om wortel te schieten. Doe bijvoorbeeld een pitch van 30 seconden in de lift op donderdag, herhaal een variant tijdens de koffie op vrijdag en geef het uitgebreidere verhaal op maandag. (Zet gerust in je agenda een paar notifiers om jouzelf eraan te herinneren.\u00a0&#x1f609;\u00a0)<\/p>\n<p>Heb je een gaaf idee voor de verkiezingscampagne? Stop even, bouw met behulp van dit artikel jouw plan en start je eigen be\u00efnvloedingscampagne.<\/p>\n<p>&nbsp;<\/p>\n<p><a href=\"https:\/\/www.debatrix.com\/nl\/overtuigen\/politiek\/campagne-bootcamp\/overzicht-campagnetips\/\">Gratis campagnetips gemist? Hier vind je al onze campagne tips.<\/a><\/p>\n","protected":false},"excerpt":{"rendered":"<p>Stel, jij hebt een geweldig idee voor de gemeenteraadscampagne. In jouw enorme enthousiasme wil je er direct mee aan de slag en wil je zo veel mogelijk mensen meekrijgen. Voordat je hen jouw idee gaat vertellen: stop! Tel tot drie. En gebruik eerst deze overtuigtechniek. (Geschreven door Job Ten Bosch, mede-oprichter van Debatrix) Als jij [&hellip;]<\/p>\n","protected":false},"author":3,"featured_media":0,"parent":0,"menu_order":0,"comment_status":"closed","ping_status":"closed","template":"","meta":{"footnotes":""},"class_list":["post-22827","page","type-page","status-publish","hentry"],"yoast_head":"<!-- This site is optimized with the Yoast SEO Premium plugin v27.0 (Yoast SEO v27.5) - https:\/\/yoast.com\/product\/yoast-seo-premium-wordpress\/ -->\n<title>#2. Boodschapdiscipline: herhaling - Debatrix\u00ae Vergroot je overtuigingskracht!<\/title>\n<meta name=\"robots\" content=\"index, follow, max-snippet:-1, max-image-preview:large, max-video-preview:-1\" \/>\n<link rel=\"canonical\" href=\"https:\/\/www.debatrix.com\/nl\/2-boodschapdiscipline-herhaling\/\" \/>\n<meta property=\"og:locale\" content=\"nl_NL\" \/>\n<meta property=\"og:type\" content=\"article\" \/>\n<meta property=\"og:title\" content=\"#2. Boodschapdiscipline: herhaling\" \/>\n<meta property=\"og:description\" content=\"Stel, jij hebt een geweldig idee voor de gemeenteraadscampagne. In jouw enorme enthousiasme wil je er direct mee aan de slag en wil je zo veel mogelijk mensen meekrijgen. Voordat je hen jouw idee gaat vertellen: stop! Tel tot drie. En gebruik eerst deze overtuigtechniek. (Geschreven door Job Ten Bosch, mede-oprichter van Debatrix) Als jij [&hellip;]\" \/>\n<meta property=\"og:url\" content=\"https:\/\/www.debatrix.com\/nl\/2-boodschapdiscipline-herhaling\/\" \/>\n<meta property=\"og:site_name\" content=\"Debatrix\u00ae Vergroot je overtuigingskracht!\" \/>\n<meta property=\"article:modified_time\" content=\"2025-04-23T09:57:35+00:00\" \/>\n<meta name=\"twitter:card\" content=\"summary_large_image\" \/>\n<meta name=\"twitter:label1\" content=\"Geschatte leestijd\" \/>\n\t<meta name=\"twitter:data1\" content=\"3 minuten\" \/>\n<script type=\"application\/ld+json\" class=\"yoast-schema-graph\">{\"@context\":\"https:\\\/\\\/schema.org\",\"@graph\":[{\"@type\":\"WebPage\",\"@id\":\"https:\\\/\\\/www.debatrix.com\\\/nl\\\/2-boodschapdiscipline-herhaling\\\/\",\"url\":\"https:\\\/\\\/www.debatrix.com\\\/nl\\\/2-boodschapdiscipline-herhaling\\\/\",\"name\":\"#2. Boodschapdiscipline: herhaling - Debatrix\u00ae Vergroot je overtuigingskracht!\",\"isPartOf\":{\"@id\":\"https:\\\/\\\/www.debatrix.com\\\/nl\\\/#website\"},\"datePublished\":\"2017-12-01T08:26:21+00:00\",\"dateModified\":\"2025-04-23T09:57:35+00:00\",\"breadcrumb\":{\"@id\":\"https:\\\/\\\/www.debatrix.com\\\/nl\\\/2-boodschapdiscipline-herhaling\\\/#breadcrumb\"},\"inLanguage\":\"nl-NL\",\"potentialAction\":[{\"@type\":\"ReadAction\",\"target\":[\"https:\\\/\\\/www.debatrix.com\\\/nl\\\/2-boodschapdiscipline-herhaling\\\/\"]}]},{\"@type\":\"BreadcrumbList\",\"@id\":\"https:\\\/\\\/www.debatrix.com\\\/nl\\\/2-boodschapdiscipline-herhaling\\\/#breadcrumb\",\"itemListElement\":[{\"@type\":\"ListItem\",\"position\":1,\"name\":\"Home\",\"item\":\"https:\\\/\\\/www.debatrix.com\\\/nl\\\/home\\\/\"},{\"@type\":\"ListItem\",\"position\":2,\"name\":\"#2. Boodschapdiscipline: herhaling\"}]},{\"@type\":\"WebSite\",\"@id\":\"https:\\\/\\\/www.debatrix.com\\\/nl\\\/#website\",\"url\":\"https:\\\/\\\/www.debatrix.com\\\/nl\\\/\",\"name\":\"Debatrix\u00ae Vergroot je overtuigingskracht!\",\"description\":\"Alles over overtuigingskracht, presenteren, training en coaching\",\"potentialAction\":[{\"@type\":\"SearchAction\",\"target\":{\"@type\":\"EntryPoint\",\"urlTemplate\":\"https:\\\/\\\/www.debatrix.com\\\/nl\\\/?s={search_term_string}\"},\"query-input\":{\"@type\":\"PropertyValueSpecification\",\"valueRequired\":true,\"valueName\":\"search_term_string\"}}],\"inLanguage\":\"nl-NL\"}]}<\/script>\n<!-- \/ Yoast SEO Premium plugin. -->","yoast_head_json":{"title":"#2. Boodschapdiscipline: herhaling - Debatrix\u00ae Vergroot je overtuigingskracht!","robots":{"index":"index","follow":"follow","max-snippet":"max-snippet:-1","max-image-preview":"max-image-preview:large","max-video-preview":"max-video-preview:-1"},"canonical":"https:\/\/www.debatrix.com\/nl\/2-boodschapdiscipline-herhaling\/","og_locale":"nl_NL","og_type":"article","og_title":"#2. Boodschapdiscipline: herhaling","og_description":"Stel, jij hebt een geweldig idee voor de gemeenteraadscampagne. In jouw enorme enthousiasme wil je er direct mee aan de slag en wil je zo veel mogelijk mensen meekrijgen. Voordat je hen jouw idee gaat vertellen: stop! Tel tot drie. En gebruik eerst deze overtuigtechniek. (Geschreven door Job Ten Bosch, mede-oprichter van Debatrix) Als jij [&hellip;]","og_url":"https:\/\/www.debatrix.com\/nl\/2-boodschapdiscipline-herhaling\/","og_site_name":"Debatrix\u00ae Vergroot je overtuigingskracht!","article_modified_time":"2025-04-23T09:57:35+00:00","twitter_card":"summary_large_image","twitter_misc":{"Geschatte leestijd":"3 minuten"},"schema":{"@context":"https:\/\/schema.org","@graph":[{"@type":"WebPage","@id":"https:\/\/www.debatrix.com\/nl\/2-boodschapdiscipline-herhaling\/","url":"https:\/\/www.debatrix.com\/nl\/2-boodschapdiscipline-herhaling\/","name":"#2. Boodschapdiscipline: herhaling - Debatrix\u00ae Vergroot je overtuigingskracht!","isPartOf":{"@id":"https:\/\/www.debatrix.com\/nl\/#website"},"datePublished":"2017-12-01T08:26:21+00:00","dateModified":"2025-04-23T09:57:35+00:00","breadcrumb":{"@id":"https:\/\/www.debatrix.com\/nl\/2-boodschapdiscipline-herhaling\/#breadcrumb"},"inLanguage":"nl-NL","potentialAction":[{"@type":"ReadAction","target":["https:\/\/www.debatrix.com\/nl\/2-boodschapdiscipline-herhaling\/"]}]},{"@type":"BreadcrumbList","@id":"https:\/\/www.debatrix.com\/nl\/2-boodschapdiscipline-herhaling\/#breadcrumb","itemListElement":[{"@type":"ListItem","position":1,"name":"Home","item":"https:\/\/www.debatrix.com\/nl\/home\/"},{"@type":"ListItem","position":2,"name":"#2. Boodschapdiscipline: herhaling"}]},{"@type":"WebSite","@id":"https:\/\/www.debatrix.com\/nl\/#website","url":"https:\/\/www.debatrix.com\/nl\/","name":"Debatrix\u00ae Vergroot je overtuigingskracht!","description":"Alles over overtuigingskracht, presenteren, training en coaching","potentialAction":[{"@type":"SearchAction","target":{"@type":"EntryPoint","urlTemplate":"https:\/\/www.debatrix.com\/nl\/?s={search_term_string}"},"query-input":{"@type":"PropertyValueSpecification","valueRequired":true,"valueName":"search_term_string"}}],"inLanguage":"nl-NL"}]}},"_links":{"self":[{"href":"https:\/\/www.debatrix.com\/nl\/wp-json\/wp\/v2\/pages\/22827","targetHints":{"allow":["GET"]}}],"collection":[{"href":"https:\/\/www.debatrix.com\/nl\/wp-json\/wp\/v2\/pages"}],"about":[{"href":"https:\/\/www.debatrix.com\/nl\/wp-json\/wp\/v2\/types\/page"}],"author":[{"embeddable":true,"href":"https:\/\/www.debatrix.com\/nl\/wp-json\/wp\/v2\/users\/3"}],"replies":[{"embeddable":true,"href":"https:\/\/www.debatrix.com\/nl\/wp-json\/wp\/v2\/comments?post=22827"}],"version-history":[{"count":1,"href":"https:\/\/www.debatrix.com\/nl\/wp-json\/wp\/v2\/pages\/22827\/revisions"}],"predecessor-version":[{"id":51571,"href":"https:\/\/www.debatrix.com\/nl\/wp-json\/wp\/v2\/pages\/22827\/revisions\/51571"}],"wp:attachment":[{"href":"https:\/\/www.debatrix.com\/nl\/wp-json\/wp\/v2\/media?parent=22827"}],"curies":[{"name":"wp","href":"https:\/\/api.w.org\/{rel}","templated":true}]}}